{"id":8083,"date":"2024-01-18T09:14:52","date_gmt":"2024-01-18T08:14:52","guid":{"rendered":"https:\/\/saniona.com\/?page_id=8083"},"modified":"2024-01-19T10:00:45","modified_gmt":"2024-01-19T09:00:45","slug":"prospekt-villkor","status":"publish","type":"page","link":"https:\/\/saniona.com\/sv\/investerare\/prospekt-villkor\/","title":{"rendered":"Prospekt villkor"},"content":{"rendered":"<p>[et_pb_section fb_built=&#8221;1&#8243; fullwidth=&#8221;on&#8221; disabled_on=&#8221;on|on|on&#8221; _builder_version=&#8221;4.16&#8243; _module_preset=&#8221;default&#8221; disabled=&#8221;on&#8221; global_colors_info=&#8221;{}&#8221;][\/et_pb_section][et_pb_section fb_built=&#8221;1&#8243; fullwidth=&#8221;on&#8221; _builder_version=&#8221;4.16&#8243; _module_preset=&#8221;default&#8221; z_index=&#8221;1&#8243; height=&#8221;56vh&#8221; height_tablet=&#8221;45vh&#8221; height_phone=&#8221;70vh&#8221; height_last_edited=&#8221;on|phone&#8221; global_colors_info=&#8221;{}&#8221;][et_pb_fullwidth_slider show_arrows=&#8221;off&#8221; use_bg_overlay=&#8221;off&#8221; admin_label=&#8221;Slider 03&#8243; module_class=&#8221;home-slider-section single-pagebanner&#8221; _builder_version=&#8221;4.21.0&#8243; _module_preset=&#8221;default&#8221; min_height=&#8221;56vh&#8221; min_height_tablet=&#8221;45vh&#8221; min_height_phone=&#8221;70vh&#8221; min_height_last_edited=&#8221;on|phone&#8221; custom_padding=&#8221;50px||||false|false&#8221; animation_style=&#8221;fade&#8221; hover_enabled=&#8221;0&#8243; custom_css_slide_description=&#8221;animation-name: none;&#8221; global_colors_info=&#8221;{}&#8221; sticky_enabled=&#8221;0&#8243;][et_pb_slide use_bg_overlay=&#8221;off&#8221; use_text_overlay=&#8221;off&#8221; admin_title=&#8221;Slider 01&#8243; _builder_version=&#8221;4.21.0&#8243; _module_preset=&#8221;default&#8221; header_level=&#8221;h6&#8243; header_font=&#8221;Nunito Sans|600|on||||||&#8221; header_text_color=&#8221;#ffffff&#8221; header_font_size=&#8221;16px&#8221; header_line_height=&#8221;1.1em&#8221; body_font=&#8221;DM Serif Display||||||||&#8221; body_text_color=&#8221;#ffffff&#8221; body_font_size=&#8221;50px&#8221; body_line_height=&#8221;1.3em&#8221; background_color=&#8221;#555758&#8243; background_enable_color=&#8221;off&#8221; background_image=&#8221;https:\/\/saniona.com\/wp-content\/uploads\/2021\/04\/Saniona_Banner_Investors.jpg&#8221; background_enable_image=&#8221;on&#8221; parallax=&#8221;on&#8221; button_alignment=&#8221;left&#8221; width=&#8221;92%&#8221; custom_padding=&#8221;140px||||false|false&#8221; custom_padding_tablet=&#8221;140px||||false|false&#8221; custom_padding_phone=&#8221;40px||||false|false&#8221; custom_padding_last_edited=&#8221;on|phone&#8221; hover_enabled=&#8221;0&#8243; header_text_color_tablet=&#8221;&#8221; header_text_color_phone=&#8221;#555758&#8243; header_text_color_last_edited=&#8221;on|phone&#8221; body_font_size_tablet=&#8221;46px&#8221; body_font_size_phone=&#8221;40px&#8221; body_font_size_last_edited=&#8221;on|phone&#8221; body_line_height_tablet=&#8221;54px&#8221; body_line_height_phone=&#8221;50px&#8221; body_line_height_last_edited=&#8221;on|tablet&#8221; background_last_edited=&#8221;off|desktop&#8221; background_image_tablet=&#8221;https:\/\/saniona.com\/wp-content\/uploads\/2021\/04\/saniona-tele.jpg&#8221; background_enable_image_tablet=&#8221;on&#8221; parallax_tablet=&#8221;off&#8221; background_position_tablet=&#8221;top_left&#8221; global_colors_info=&#8221;{}&#8221; title_text_tablet=&#8221;saniona-tele&#8221; sticky_transition=&#8221;on&#8221; sticky_enabled=&#8221;0&#8243;]<\/p>\n<div class=\"secondary-banner-content\">\n<h6><a href=\"https:\/\/saniona.com\/sv\/investerare\/\">Investerare<\/a><\/h6>\n<p>Prospekt villkor<\/p>\n<\/div>\n<p>[\/et_pb_slide][\/et_pb_fullwidth_slider][\/et_pb_section][et_pb_section fb_built=&#8221;1&#8243; module_class=&#8221;animation-with-menu&#8221; _builder_version=&#8221;4.18.0&#8243; _module_preset=&#8221;default&#8221; custom_padding=&#8221;14px||0px|||&#8221; global_colors_info=&#8221;{}&#8221;][et_pb_row _builder_version=&#8221;4.18.0&#8243; _module_preset=&#8221;default&#8221; vertical_offset=&#8221;0px&#8221; horizontal_offset=&#8221;0px&#8221; min_height=&#8221;70px&#8221; custom_padding=&#8221;||5px|||&#8221; global_colors_info=&#8221;{}&#8221;][et_pb_column type=&#8221;4_4&#8243; _builder_version=&#8221;4.16&#8243; _module_preset=&#8221;default&#8221; global_colors_info=&#8221;{}&#8221;][et_pb_image src=&#8221;https:\/\/saniona.com\/wp-content\/uploads\/2021\/01\/Saniona_icon_lg_ltblue_new.png&#8221; alt=&#8221;Saniona Icon blue&#8221; title_text=&#8221;Saniona_icon_lg_ltblue_new&#8221; align_tablet=&#8221;&#8221; align_phone=&#8221;&#8221; align_last_edited=&#8221;on|phone&#8221; disabled_on=&#8221;on|off|off&#8221; _builder_version=&#8221;4.18.0&#8243; _module_preset=&#8221;default&#8221; z_index=&#8221;-1&#8243; width=&#8221;66%&#8221; width_tablet=&#8221;72%&#8221; width_phone=&#8221;&#8221; width_last_edited=&#8221;on|tablet&#8221; min_height=&#8221;644px&#8221; custom_margin=&#8221;-350px||-300px||false|false&#8221; custom_margin_tablet=&#8221;-280px||-300px||false|false&#8221; custom_margin_phone=&#8221;&#8221; custom_margin_last_edited=&#8221;on|tablet&#8221; custom_padding=&#8221;|0px|63px|||&#8221; filter_opacity=&#8221;70%&#8221; animation_style=&#8221;fade&#8221; animation_direction=&#8221;bottom&#8221; animation_duration=&#8221;1400ms&#8221; animation_delay=&#8221;200ms&#8221; scroll_rotating_enable=&#8221;on&#8221; scroll_rotating=&#8221;60|84|84|100|0\u00b0|30\u00b0|90\u00b0&#8221; module_alignment_tablet=&#8221;left&#8221; module_alignment_phone=&#8221;left&#8221; module_alignment_last_edited=&#8221;on|tablet&#8221; scroll_rotating_tablet=&#8221;65|84|84|100|0\u00b0|15\u00b0|90\u00b0&#8221; scroll_rotating_phone=&#8221;&#8221; scroll_rotating_last_edited=&#8221;on|tablet&#8221; global_colors_info=&#8221;{}&#8221;][\/et_pb_image][\/et_pb_column][\/et_pb_row][et_pb_row _builder_version=&#8221;4.18.0&#8243; _module_preset=&#8221;default&#8221; background_color=&#8221;RGBA(255,255,255,0)&#8221; global_colors_info=&#8221;{}&#8221;][et_pb_column type=&#8221;4_4&#8243; _builder_version=&#8221;4.18.0&#8243; _module_preset=&#8221;default&#8221; global_colors_info=&#8221;{}&#8221;][et_pb_menu menu_id=&#8221;64&#8243; dropdown_menu_bg_color=&#8221;#FFFFFF&#8221; dropdown_menu_line_color=&#8221;#FFC13F&#8221; module_class=&#8221;ir-menu-custom&#8221; _builder_version=&#8221;4.18.0&#8243; _module_preset=&#8221;default&#8221; menu_text_color=&#8221;#555758&#8243; background_color=&#8221;RGBA(255,255,255,0)&#8221; global_colors_info=&#8221;{}&#8221;][\/et_pb_menu][\/et_pb_column][\/et_pb_row][\/et_pb_section][et_pb_section fb_built=&#8221;1&#8243; module_class=&#8221;faq-main-section&#8221; _builder_version=&#8221;4.18.0&#8243; _module_preset=&#8221;default&#8221; global_colors_info=&#8221;{}&#8221;][et_pb_row _builder_version=&#8221;4.16&#8243; _module_preset=&#8221;default&#8221; global_colors_info=&#8221;{}&#8221;][et_pb_column type=&#8221;4_4&#8243; _builder_version=&#8221;4.16&#8243; _module_preset=&#8221;default&#8221; global_colors_info=&#8221;{}&#8221;][et_pb_text _builder_version=&#8221;4.16&#8243; _module_preset=&#8221;default&#8221; header_text_color=&#8221;#1d7ecd&#8221; header_font_size=&#8221;44px&#8221; header_line_height=&#8221;1.2em&#8221; header_font_size_tablet=&#8221;38px&#8221; header_font_size_phone=&#8221;32px&#8221; header_font_size_last_edited=&#8221;on|phone&#8221; global_colors_info=&#8221;{}&#8221;]<\/p>\n<h1>Viktig information<\/h1>\n<p>[\/et_pb_text][\/et_pb_column][\/et_pb_row][et_pb_row _builder_version=&#8221;4.16&#8243; _module_preset=&#8221;default&#8221; global_colors_info=&#8221;{}&#8221;][et_pb_column type=&#8221;4_4&#8243; _builder_version=&#8221;4.16&#8243; _module_preset=&#8221;default&#8221; global_colors_info=&#8221;{}&#8221;][et_pb_text _builder_version=&#8221;4.21.0&#8243; _module_preset=&#8221;default&#8221; text_font_size=&#8221;20px&#8221; text_line_height=&#8221;1.4em&#8221; text_font_size_tablet=&#8221;&#8221; text_font_size_phone=&#8221;18px&#8221; text_font_size_last_edited=&#8221;on|phone&#8221; global_colors_info=&#8221;{}&#8221;]<\/p>\n<p style=\"font-weight: 400;\"><span>P\u00e5 grund av legala restriktioner \u00e4r den h\u00e4r delen av Saniona AB:s (\u201d<strong>Saniona<\/strong>\u201d) webbplats inte tillg\u00e4nglig f\u00f6r vissa personer. Vi ber dig d\u00e4rf\u00f6r att ta del av f\u00f6ljande information och l\u00e4mna f\u00f6ljande bekr\u00e4ftelse varje g\u00e5ng du \u00f6nskar f\u00e5 tillg\u00e5ng till dessa webbsidor. V\u00e4nligen notera att villkoren nedan kan komma att \u00e4ndras eller uppdateras och att det d\u00e4rf\u00f6r \u00e4r viktigt att du l\u00e4ser dem varje g\u00e5ng du bes\u00f6ker denna sida.<\/span><\/p>\n<p style=\"font-weight: 400;\"><span>Informationen p\u00e5 denna del av Saniona:s webbplats \u00e4r inte avsedd f\u00f6r, och f\u00e5r inte, direkt eller indirekt, helt eller delvis, \u00e5tkommas av, distribueras eller spridas till personer som bor eller befinner sig i USA, Australien, Belarus, Hongkong, Japan, Kanada, Nya Zeeland, Ryssland, Schweiz, Singapore, Sydafrika, Sydkorea eller n\u00e5gon annan jurisdiktion d\u00e4r\/om s\u00e5dan distribution kr\u00e4ver ytterligare prospekt, registrering eller andra \u00e5tg\u00e4rder \u00e4n de som f\u00f6ljer av svensk r\u00e4tt eller annars strider mot reglerna i s\u00e5dan jurisdiktion eller inte kan ske utan till\u00e4mpning av undantag fr\u00e5n s\u00e5dan \u00e5tg\u00e4rd. Informationen p\u00e5 webbsidorna utg\u00f6r inte n\u00e5got erbjudande avseende units, unitr\u00e4tter, betalda tecknade units, aktier, teckningsoptioner eller andra v\u00e4rdepapper utgivna av Saniona (\u201d<strong>V\u00e4rdepapper<\/strong>\u201d) till n\u00e5gon person i n\u00e4mnda jurisdiktioner. Informationen p\u00e5 webbsidorna f\u00e5r inte heller vidarebefordras eller reproduceras p\u00e5 s\u00e4tt som st\u00e5r i strid med s\u00e5dana restriktioner eller skulle inneb\u00e4ra s\u00e5dana krav.<\/span><\/p>\n<p style=\"font-weight: 400;\"><span>Inga V\u00e4rdepapper har registrerats eller kommer att registreras enligt United States Securities Act fr\u00e5n 1933 enligt dess senaste lydelse (\u201d<strong>Securities Act<\/strong>\u201d) och inte heller enligt n\u00e5gon motsvarande lag i n\u00e5gon delstat eller annan jurisdiktion i USA och f\u00e5r inte erbjudas, tecknas, utnyttjas, pants\u00e4ttas, s\u00e4ljas, \u00e5terf\u00f6rs\u00e4ljas, tilldelas, levereras eller p\u00e5 annat s\u00e4tt \u00f6verf\u00f6ras, direkt eller indirekt, i eller till USA, f\u00f6rutom enligt ett till\u00e4mpligt undantag fr\u00e5n, eller genom en transaktion som inte omfattas av, registreringskraven i Securities Act och i enlighet med v\u00e4rdepapperslagstiftningen i relevant delstat eller annan jurisdiktion i USA.<\/span><\/p>\n<p style=\"font-weight: 400;\"><span>Inom det Europeiska ekonomiska samarbetsomr\u00e5det (\u201d<strong>EES<\/strong>\u201d) l\u00e4mnas inget erbjudande av V\u00e4rdepapper till allm\u00e4nheten i n\u00e5got annat land \u00e4n Sverige och Danmark. I andra medlemsl\u00e4nder i den Europeiska Unionen (\u201d<strong>EU<\/strong>\u201d) kan ett s\u00e5dant erbjudande endast l\u00e4mnas i enlighet med undantag i Prospektf\u00f6rordningen (EU) 2017\/1129 (\u201d<strong>Prospektf\u00f6rordningen<\/strong>\u201d). I andra l\u00e4nder i EES som har implementerat Prospektf\u00f6rordningen i nationell lagstiftning kan ett s\u00e5dant erbjudande endast l\u00e4mnas i enlighet med undantag i Prospektf\u00f6rordningen samt i enlighet med varje relevant implementerings\u00e5tg\u00e4rd. I \u00f6vriga l\u00e4nder i EES som inte har implementerat Prospektf\u00f6rordningen i nationell lagstiftning kan ett s\u00e5dant erbjudande endast l\u00e4mnas i enlighet med till\u00e4mpligt undantag i den nationella lagstiftningen.<\/span><\/p>\n<p><span style=\"font-weight: 400;\">F\u00f6r att vara ber\u00e4ttigad att ta del av informationen p\u00e5 f\u00f6ljande webbsida ska du anses, om du tar del av f\u00f6ljande webbsida, ha bekr\u00e4ftat och utf\u00e4st att (i) du har tagit del av och accepterar de villkor och restriktioner som angivits ovan, samt (ii) du inte befinner dig i USA, Australien, Belarus, Hongkong, Japan, Kanada, Nya Zeeland, Ryssland, Schweiz, Singapore, Sydafrika, Sydkorea eller n\u00e5gon annan jurisdiktion d\u00e4r offentligg\u00f6rande, distribution eller publicering skulle vara otill\u00e5ten enligt till\u00e4mplig lag eller g\u00e4llande regler.<\/span><\/p>\n<p>[\/et_pb_text][\/et_pb_column][\/et_pb_row][et_pb_row _builder_version=&#8221;4.21.0&#8243; _module_preset=&#8221;default&#8221; global_colors_info=&#8221;{}&#8221;][et_pb_column type=&#8221;4_4&#8243; _builder_version=&#8221;4.21.0&#8243; _module_preset=&#8221;default&#8221; global_colors_info=&#8221;{}&#8221;][et_pb_button button_url=&#8221;https:\/\/saniona.com\/sv\/investerare\/prospekt\/&#8221; button_text=&#8221;Jag accepterar&#8221; _builder_version=&#8221;4.21.0&#8243; _module_preset=&#8221;default&#8221; hover_enabled=&#8221;0&#8243; global_colors_info=&#8221;{}&#8221; sticky_enabled=&#8221;0&#8243;][\/et_pb_button][et_pb_button button_url=&#8221;https:\/\/saniona.com\/sv\/&#8221; button_text=&#8221;Jag accepterar inte&#8221; _builder_version=&#8221;4.21.0&#8243; _module_preset=&#8221;default&#8221; global_colors_info=&#8221;{}&#8221;][\/et_pb_button][\/et_pb_column][\/et_pb_row][\/et_pb_section]<\/p>\n","protected":false},"excerpt":{"rendered":"<p>Investerare Prospekt villkor Viktig informationP\u00e5 grund av legala restriktioner \u00e4r den h\u00e4r delen av Saniona AB:s (\u201dSaniona\u201d) webbplats inte tillg\u00e4nglig f\u00f6r vissa personer. Vi ber dig d\u00e4rf\u00f6r att ta del av f\u00f6ljande information och l\u00e4mna f\u00f6ljande bekr\u00e4ftelse varje g\u00e5ng du \u00f6nskar f\u00e5 tillg\u00e5ng till dessa webbsidor. V\u00e4nligen notera att villkoren nedan kan komma att \u00e4ndras [&hellip;]<\/p>\n","protected":false},"author":7,"featured_media":4421,"parent":6041,"menu_order":0,"comment_status":"closed","ping_status":"closed","template":"","meta":{"_acf_changed":false,"_et_pb_use_builder":"on","_et_pb_old_content":"","_et_gb_content_width":"","footnotes":""},"class_list":["post-8083","page","type-page","status-publish","has-post-thumbnail","hentry"],"acf":[],"aioseo_notices":[],"_links":{"self":[{"href":"https:\/\/saniona.com\/sv\/wp-json\/wp\/v2\/pages\/8083","targetHints":{"allow":["GET"]}}],"collection":[{"href":"https:\/\/saniona.com\/sv\/wp-json\/wp\/v2\/pages"}],"about":[{"href":"https:\/\/saniona.com\/sv\/wp-json\/wp\/v2\/types\/page"}],"author":[{"embeddable":true,"href":"https:\/\/saniona.com\/sv\/wp-json\/wp\/v2\/users\/7"}],"replies":[{"embeddable":true,"href":"https:\/\/saniona.com\/sv\/wp-json\/wp\/v2\/comments?post=8083"}],"version-history":[{"count":0,"href":"https:\/\/saniona.com\/sv\/wp-json\/wp\/v2\/pages\/8083\/revisions"}],"up":[{"embeddable":true,"href":"https:\/\/saniona.com\/sv\/wp-json\/wp\/v2\/pages\/6041"}],"wp:featuredmedia":[{"embeddable":true,"href":"https:\/\/saniona.com\/sv\/wp-json\/wp\/v2\/media\/4421"}],"wp:attachment":[{"href":"https:\/\/saniona.com\/sv\/wp-json\/wp\/v2\/media?parent=8083"}],"curies":[{"name":"wp","href":"https:\/\/api.w.org\/{rel}","templated":true}]}}