{"id":6651,"date":"2022-10-14T13:20:49","date_gmt":"2022-10-14T11:20:49","guid":{"rendered":"http:\/\/saniona.com.linux18.curanetserver.dk\/?page_id=6651"},"modified":"2025-11-06T08:05:34","modified_gmt":"2025-11-06T07:05:34","slug":"valberedning","status":"publish","type":"page","link":"https:\/\/saniona.com\/sv\/valberedning\/","title":{"rendered":"Valberedning"},"content":{"rendered":"<p>[et_pb_section fb_built=&#8221;1&#8243; fullwidth=&#8221;on&#8221; disabled_on=&#8221;on|on|on&#8221; _builder_version=&#8221;4.16&#8243; _module_preset=&#8221;default&#8221; disabled=&#8221;on&#8221; global_colors_info=&#8221;{}&#8221;][\/et_pb_section][et_pb_section fb_built=&#8221;1&#8243; fullwidth=&#8221;on&#8221; _builder_version=&#8221;4.16&#8243; _module_preset=&#8221;default&#8221; z_index=&#8221;1&#8243; height=&#8221;56vh&#8221; height_tablet=&#8221;45vh&#8221; height_phone=&#8221;70vh&#8221; height_last_edited=&#8221;on|phone&#8221; global_colors_info=&#8221;{}&#8221;][et_pb_fullwidth_slider show_arrows=&#8221;off&#8221; use_bg_overlay=&#8221;off&#8221; admin_label=&#8221;Slider 03&#8243; module_class=&#8221;home-slider-section single-pagebanner&#8221; _builder_version=&#8221;4.18.0&#8243; _module_preset=&#8221;default&#8221; min_height=&#8221;56vh&#8221; min_height_tablet=&#8221;45vh&#8221; min_height_phone=&#8221;70vh&#8221; min_height_last_edited=&#8221;on|phone&#8221; custom_padding=&#8221;50px||||false|false&#8221; animation_style=&#8221;fade&#8221; custom_css_slide_description=&#8221;animation-name: none;&#8221; global_colors_info=&#8221;{}&#8221;][et_pb_slide use_bg_overlay=&#8221;off&#8221; use_text_overlay=&#8221;off&#8221; admin_title=&#8221;Slider 01&#8243; _builder_version=&#8221;4.18.0&#8243; _module_preset=&#8221;default&#8221; header_level=&#8221;h6&#8243; header_font=&#8221;Nunito Sans|600|on||||||&#8221; header_text_color=&#8221;#ffffff&#8221; header_font_size=&#8221;16px&#8221; header_line_height=&#8221;1.1em&#8221; body_font=&#8221;DM Serif Display||||||||&#8221; body_text_color=&#8221;#ffffff&#8221; body_font_size=&#8221;50px&#8221; body_line_height=&#8221;1.3em&#8221; background_color=&#8221;#555758&#8243; background_enable_color=&#8221;off&#8221; background_image=&#8221;https:\/\/saniona.com\/wp-content\/uploads\/2021\/04\/Saniona_Banner_Investors.jpg&#8221; background_enable_image=&#8221;on&#8221; parallax=&#8221;on&#8221; button_alignment=&#8221;left&#8221; width=&#8221;92%&#8221; custom_padding=&#8221;140px||||false|false&#8221; custom_padding_tablet=&#8221;140px||||false|false&#8221; custom_padding_phone=&#8221;40px||||false|false&#8221; custom_padding_last_edited=&#8221;on|phone&#8221; header_text_color_tablet=&#8221;&#8221; header_text_color_phone=&#8221;#555758&#8243; header_text_color_last_edited=&#8221;on|phone&#8221; body_font_size_tablet=&#8221;46px&#8221; body_font_size_phone=&#8221;40px&#8221; body_font_size_last_edited=&#8221;on|phone&#8221; body_line_height_tablet=&#8221;54px&#8221; body_line_height_phone=&#8221;50px&#8221; body_line_height_last_edited=&#8221;on|tablet&#8221; background_last_edited=&#8221;off|desktop&#8221; background_image_tablet=&#8221;https:\/\/saniona.com\/wp-content\/uploads\/2021\/04\/saniona-tele.jpg&#8221; background_enable_image_tablet=&#8221;on&#8221; parallax_tablet=&#8221;off&#8221; background_position_tablet=&#8221;top_left&#8221; global_colors_info=&#8221;{}&#8221; title_text_tablet=&#8221;saniona-tele&#8221; sticky_transition=&#8221;on&#8221;]<\/p>\n<div class=\"secondary-banner-content\">\n<h6><a href=\"https:\/\/saniona.com\/sv\/investerare\/\">INVESTERARE<\/a><\/h6>\n<p>Valberedning <\/p><\/div>\n<p>[\/et_pb_slide][\/et_pb_fullwidth_slider][\/et_pb_section][et_pb_section fb_built=&#8221;1&#8243; module_class=&#8221;animation-with-menu&#8221; _builder_version=&#8221;4.18.0&#8243; _module_preset=&#8221;default&#8221; custom_padding=&#8221;14px||0px|||&#8221; global_colors_info=&#8221;{}&#8221;][et_pb_row _builder_version=&#8221;4.18.0&#8243; _module_preset=&#8221;default&#8221; vertical_offset=&#8221;0px&#8221; horizontal_offset=&#8221;0px&#8221; min_height=&#8221;70px&#8221; custom_padding=&#8221;||5px|||&#8221; global_colors_info=&#8221;{}&#8221;][et_pb_column type=&#8221;4_4&#8243; _builder_version=&#8221;4.16&#8243; _module_preset=&#8221;default&#8221; global_colors_info=&#8221;{}&#8221;][et_pb_image src=&#8221;https:\/\/saniona.com\/wp-content\/uploads\/2021\/01\/Saniona_icon_lg_ltblue_new.png&#8221; alt=&#8221;Saniona Icon blue&#8221; title_text=&#8221;Saniona_icon_lg_ltblue_new&#8221; align_tablet=&#8221;&#8221; align_phone=&#8221;&#8221; align_last_edited=&#8221;on|phone&#8221; disabled_on=&#8221;on|off|off&#8221; _builder_version=&#8221;4.18.0&#8243; _module_preset=&#8221;default&#8221; z_index=&#8221;-1&#8243; width=&#8221;66%&#8221; width_tablet=&#8221;72%&#8221; width_phone=&#8221;&#8221; width_last_edited=&#8221;on|tablet&#8221; min_height=&#8221;644px&#8221; custom_margin=&#8221;-350px||-300px||false|false&#8221; custom_margin_tablet=&#8221;-280px||-300px||false|false&#8221; custom_margin_phone=&#8221;&#8221; custom_margin_last_edited=&#8221;on|tablet&#8221; custom_padding=&#8221;|0px|63px|||&#8221; filter_opacity=&#8221;70%&#8221; animation_style=&#8221;fade&#8221; animation_direction=&#8221;bottom&#8221; animation_duration=&#8221;1400ms&#8221; animation_delay=&#8221;200ms&#8221; scroll_rotating_enable=&#8221;on&#8221; scroll_rotating=&#8221;60|84|84|100|0\u00b0|30\u00b0|90\u00b0&#8221; module_alignment_tablet=&#8221;left&#8221; module_alignment_phone=&#8221;left&#8221; module_alignment_last_edited=&#8221;on|tablet&#8221; scroll_rotating_tablet=&#8221;65|84|84|100|0\u00b0|15\u00b0|90\u00b0&#8221; scroll_rotating_phone=&#8221;&#8221; scroll_rotating_last_edited=&#8221;on|tablet&#8221; global_colors_info=&#8221;{}&#8221;][\/et_pb_image][\/et_pb_column][\/et_pb_row][et_pb_row _builder_version=&#8221;4.18.0&#8243; _module_preset=&#8221;default&#8221; background_color=&#8221;RGBA(255,255,255,0)&#8221; global_colors_info=&#8221;{}&#8221;][et_pb_column type=&#8221;4_4&#8243; _builder_version=&#8221;4.18.0&#8243; _module_preset=&#8221;default&#8221; global_colors_info=&#8221;{}&#8221;][et_pb_menu menu_id=&#8221;64&#8243; dropdown_menu_bg_color=&#8221;#FFFFFF&#8221; dropdown_menu_line_color=&#8221;#FFC13F&#8221; module_class=&#8221;ir-menu-custom&#8221; _builder_version=&#8221;4.18.0&#8243; _module_preset=&#8221;default&#8221; menu_text_color=&#8221;#555758&#8243; background_color=&#8221;RGBA(255,255,255,0)&#8221; global_colors_info=&#8221;{}&#8221;][\/et_pb_menu][\/et_pb_column][\/et_pb_row][\/et_pb_section][et_pb_section fb_built=&#8221;1&#8243; module_class=&#8221;nomination-commite-content&#8221; _builder_version=&#8221;4.18.0&#8243; _module_preset=&#8221;default&#8221; custom_padding=&#8221;26px|||||&#8221; global_colors_info=&#8221;{}&#8221;][et_pb_row _builder_version=&#8221;4.18.0&#8243; _module_preset=&#8221;default&#8221; global_colors_info=&#8221;{}&#8221;][et_pb_column type=&#8221;4_4&#8243; _builder_version=&#8221;4.18.0&#8243; _module_preset=&#8221;default&#8221; global_colors_info=&#8221;{}&#8221;][et_pb_text _builder_version=&#8221;4.27.4&#8243; _module_preset=&#8221;default&#8221; hover_enabled=&#8221;0&#8243; global_colors_info=&#8221;{}&#8221; sticky_enabled=&#8221;0&#8243;]<\/p>\n<p style=\"font-weight: 400;\"><span>Saniona tillk\u00e4nnager idag valberedningens sammans\u00e4ttning inf\u00f6r \u00e5rsst\u00e4mman 2026.<\/span><\/p>\n<p>Enligt instruktionen och stadgan f\u00f6r valberedningen, som antagits av bolagsst\u00e4mman, ska valberedningen best\u00e5 av tre ledam\u00f6ter: styrelsens ordf\u00f6rande samt tv\u00e5 ledam\u00f6ter utsedda av de tv\u00e5 st\u00f6rsta aktie\u00e4garna per den sista september. Den 30 september 2025 var de tv\u00e5 st\u00f6rsta aktie\u00e4garna som \u00f6nskade utse representanter till valberedningen J\u00f8rgen Drejer och Joakim Tedroff. Varje aktie\u00e4gare har utsett en representant, som tillsammans med styrelsens ordf\u00f6rande bildar Saniona AB:s valberedning inf\u00f6r \u00e5rsst\u00e4mman 2026.<\/p>\n<p>Valberedningens ledam\u00f6ter \u00e4r:<\/p>\n<ul>\n<li>Joakim Tedroff, CMO p\u00e5 Irlab Therapeutics AB, utsedd av Joakim Tedroff<\/li>\n<\/ul>\n<ul>\n<li>S\u00f8ren Skj\u00e6rb\u00e6k, Partner p\u00e5 Life Science Legal ApS, Vejle, Denmark, utsedd av J\u00f8rgen Drejer<\/li>\n<li>John Haurum, styrelseordf\u00f6rande i Saniona AB<\/li>\n<\/ul>\n<p>S\u00f8ren Skj\u00e6rb\u00e6k har utsetts till valberedningens ordf\u00f6rande.<\/p>\n<p>Valberedningen ska f\u00f6rbereda och l\u00e4mna f\u00f6rslag till \u00e5rsst\u00e4mman 2026 avseende:<\/p>\n<ul>\n<li>val av ordf\u00f6rande vid \u00e5rsst\u00e4mman<\/li>\n<li>val av styrelsens ordf\u00f6rande och \u00f6vriga styrelseledam\u00f6ter<\/li>\n<li>arvode till styrelsens ordf\u00f6rande och \u00f6vriga ledam\u00f6ter samt, i f\u00f6rekommande fall, arvode f\u00f6r utskottsarbete<\/li>\n<li>val av revisor och revisorsarvode<\/li>\n<li>principer f\u00f6r utseende av valberedning.<\/li>\n<\/ul>\n<p>Instruktionen och stadgan f\u00f6r valberedningen finns p\u00e5 bolagets webbplats under avsnittet Corporate Governance: <span><a href=\"https:\/\/www.globenewswire.com\/Tracker?data=H1SeHAo4jKY4ziz0hDuT6e2p6fPq1dUw7tYtlOKQrIEUDdxxLgJoZ1KVPxKzWN4TKdS_n_FfmWxDwK4IwdEdPg==\">www.saniona.com<\/a><\/span>.<\/p>\n<p>Saniona AB:s \u00e5rsst\u00e4mma kommer att h\u00e5llas onsdagen den 27 maj 2026 i Malm\u00f6. Valberedningens f\u00f6rslag kommer att presenteras i kallelsen till \u00e5rsst\u00e4mman och p\u00e5 bolagets webbplats.<\/p>\n<p>Aktie\u00e4gare som vill l\u00e4mna f\u00f6rslag till valberedningen kan g\u00f6ra det via e-post till clo@saniona.com m\u00e4rkt \u201dF\u00f6rslag till valberedningen\u201d eller per post till:<\/p>\n<p>Saniona AB<br \/>Att: F\u00f6rslag till valberedningen<br \/>Murervangen 42<br \/>DK-2600 Glostrup<br \/>Danmark<\/p>\n<p>F\u00f6r att f\u00f6rslagen ska kunna beaktas av valberedningen ska de l\u00e4mnas i god tid f\u00f6re \u00e5rsst\u00e4mman, dock senast den 28 februari 2026.<\/p>\n<p>[\/et_pb_text][\/et_pb_column][\/et_pb_row][\/et_pb_section]<\/p>\n","protected":false},"excerpt":{"rendered":"<p>INVESTERARE Valberedning Saniona tillk\u00e4nnager idag valberedningens sammans\u00e4ttning inf\u00f6r \u00e5rsst\u00e4mman 2026. Enligt instruktionen och stadgan f\u00f6r valberedningen, som antagits av bolagsst\u00e4mman, ska valberedningen best\u00e5 av tre ledam\u00f6ter: styrelsens ordf\u00f6rande samt tv\u00e5 ledam\u00f6ter utsedda av de tv\u00e5 st\u00f6rsta aktie\u00e4garna per den sista september. Den 30 september 2025 var de tv\u00e5 st\u00f6rsta aktie\u00e4garna som \u00f6nskade utse representanter till [&hellip;]<\/p>\n","protected":false},"author":8,"featured_media":4421,"parent":0,"menu_order":0,"comment_status":"closed","ping_status":"closed","template":"","meta":{"_acf_changed":false,"_et_pb_use_builder":"on","_et_pb_old_content":"","_et_gb_content_width":"","footnotes":""},"class_list":["post-6651","page","type-page","status-publish","has-post-thumbnail","hentry"],"acf":[],"aioseo_notices":[],"_links":{"self":[{"href":"https:\/\/saniona.com\/sv\/wp-json\/wp\/v2\/pages\/6651","targetHints":{"allow":["GET"]}}],"collection":[{"href":"https:\/\/saniona.com\/sv\/wp-json\/wp\/v2\/pages"}],"about":[{"href":"https:\/\/saniona.com\/sv\/wp-json\/wp\/v2\/types\/page"}],"author":[{"embeddable":true,"href":"https:\/\/saniona.com\/sv\/wp-json\/wp\/v2\/users\/8"}],"replies":[{"embeddable":true,"href":"https:\/\/saniona.com\/sv\/wp-json\/wp\/v2\/comments?post=6651"}],"version-history":[{"count":0,"href":"https:\/\/saniona.com\/sv\/wp-json\/wp\/v2\/pages\/6651\/revisions"}],"wp:featuredmedia":[{"embeddable":true,"href":"https:\/\/saniona.com\/sv\/wp-json\/wp\/v2\/media\/4421"}],"wp:attachment":[{"href":"https:\/\/saniona.com\/sv\/wp-json\/wp\/v2\/media?parent=6651"}],"curies":[{"name":"wp","href":"https:\/\/api.w.org\/{rel}","templated":true}]}}