{"id":6225,"date":"2022-10-14T07:52:52","date_gmt":"2022-10-14T05:52:52","guid":{"rendered":"http:\/\/saniona.com.linux18.curanetserver.dk\/?page_id=6225"},"modified":"2022-10-14T15:19:00","modified_gmt":"2022-10-14T13:19:00","slug":"verkstallande-ledning","status":"publish","type":"page","link":"https:\/\/saniona.com\/sv\/investerare\/verkstallande-ledning\/","title":{"rendered":"Verkst\u00e4llande ledning"},"content":{"rendered":"<p>[et_pb_section fb_built=&#8221;1&#8243; fullwidth=&#8221;on&#8221; disabled_on=&#8221;on|on|on&#8221; _builder_version=&#8221;4.16&#8243; _module_preset=&#8221;default&#8221; disabled=&#8221;on&#8221; global_colors_info=&#8221;{}&#8221;][\/et_pb_section][et_pb_section fb_built=&#8221;1&#8243; fullwidth=&#8221;on&#8221; _builder_version=&#8221;4.16&#8243; _module_preset=&#8221;default&#8221; z_index=&#8221;1&#8243; height=&#8221;56vh&#8221; height_tablet=&#8221;45vh&#8221; height_phone=&#8221;70vh&#8221; height_last_edited=&#8221;on|phone&#8221; global_colors_info=&#8221;{}&#8221;][et_pb_fullwidth_slider show_arrows=&#8221;off&#8221; use_bg_overlay=&#8221;off&#8221; admin_label=&#8221;Slider 03&#8243; module_class=&#8221;home-slider-section single-pagebanner&#8221; _builder_version=&#8221;4.18.0&#8243; _module_preset=&#8221;default&#8221; min_height=&#8221;56vh&#8221; min_height_tablet=&#8221;45vh&#8221; min_height_phone=&#8221;70vh&#8221; min_height_last_edited=&#8221;on|phone&#8221; custom_padding=&#8221;50px||||false|false&#8221; animation_style=&#8221;fade&#8221; custom_css_slide_description=&#8221;animation-name: none;&#8221; global_colors_info=&#8221;{}&#8221;][et_pb_slide use_bg_overlay=&#8221;off&#8221; use_text_overlay=&#8221;off&#8221; admin_title=&#8221;Slider 01&#8243; _builder_version=&#8221;4.18.0&#8243; _module_preset=&#8221;default&#8221; header_level=&#8221;h6&#8243; header_font=&#8221;Nunito Sans|600|on||||||&#8221; header_text_color=&#8221;#ffffff&#8221; header_font_size=&#8221;16px&#8221; header_line_height=&#8221;1.1em&#8221; body_font=&#8221;DM Serif Display||||||||&#8221; body_text_color=&#8221;#ffffff&#8221; body_font_size=&#8221;50px&#8221; body_line_height=&#8221;1.3em&#8221; background_color=&#8221;#555758&#8243; background_enable_color=&#8221;off&#8221; background_image=&#8221;https:\/\/saniona.com\/wp-content\/uploads\/2021\/04\/Saniona_Banner_Investors.jpg&#8221; background_enable_image=&#8221;on&#8221; parallax=&#8221;on&#8221; button_alignment=&#8221;left&#8221; width=&#8221;92%&#8221; custom_padding=&#8221;140px||||false|false&#8221; custom_padding_tablet=&#8221;140px||||false|false&#8221; custom_padding_phone=&#8221;40px||||false|false&#8221; custom_padding_last_edited=&#8221;on|phone&#8221; header_text_color_tablet=&#8221;&#8221; header_text_color_phone=&#8221;#555758&#8243; header_text_color_last_edited=&#8221;on|phone&#8221; body_font_size_tablet=&#8221;46px&#8221; body_font_size_phone=&#8221;40px&#8221; body_font_size_last_edited=&#8221;on|phone&#8221; body_line_height_tablet=&#8221;54px&#8221; body_line_height_phone=&#8221;50px&#8221; body_line_height_last_edited=&#8221;on|tablet&#8221; background_last_edited=&#8221;off|desktop&#8221; background_image_tablet=&#8221;https:\/\/saniona.com\/wp-content\/uploads\/2021\/04\/saniona-tele.jpg&#8221; background_enable_image_tablet=&#8221;on&#8221; parallax_tablet=&#8221;off&#8221; background_position_tablet=&#8221;top_left&#8221; global_colors_info=&#8221;{}&#8221; title_text_tablet=&#8221;saniona-tele&#8221; sticky_transition=&#8221;on&#8221;]<\/p>\n<div class=\"secondary-banner-content\">\n<h6><a href=\"https:\/\/saniona.com\/sv\/investerare\/\"> Investerare <\/a><\/h6>\n<p>Verkst\u00e4llande ledning\n<\/p><\/div>\n<p>[\/et_pb_slide][\/et_pb_fullwidth_slider][\/et_pb_section][et_pb_section fb_built=&#8221;1&#8243; module_class=&#8221;animation-with-menu&#8221; _builder_version=&#8221;4.18.0&#8243; _module_preset=&#8221;default&#8221; custom_padding=&#8221;45px||24px|||&#8221; global_colors_info=&#8221;{}&#8221;][et_pb_row _builder_version=&#8221;4.18.0&#8243; _module_preset=&#8221;default&#8221; vertical_offset=&#8221;0px&#8221; horizontal_offset=&#8221;0px&#8221; min_height=&#8221;70px&#8221; custom_padding=&#8221;||5px|||&#8221; global_colors_info=&#8221;{}&#8221;][et_pb_column type=&#8221;4_4&#8243; _builder_version=&#8221;4.16&#8243; _module_preset=&#8221;default&#8221; global_colors_info=&#8221;{}&#8221;][et_pb_image src=&#8221;https:\/\/saniona.com\/wp-content\/uploads\/2021\/01\/Saniona_icon_lg_ltblue_new.png&#8221; alt=&#8221;Saniona Icon blue&#8221; title_text=&#8221;Saniona_icon_lg_ltblue_new&#8221; align_tablet=&#8221;&#8221; align_phone=&#8221;&#8221; align_last_edited=&#8221;on|phone&#8221; disabled_on=&#8221;on|off|off&#8221; _builder_version=&#8221;4.18.0&#8243; _module_preset=&#8221;default&#8221; z_index=&#8221;-1&#8243; width=&#8221;66%&#8221; width_tablet=&#8221;72%&#8221; width_phone=&#8221;&#8221; width_last_edited=&#8221;on|tablet&#8221; min_height=&#8221;644px&#8221; custom_margin=&#8221;-350px||-300px||false|false&#8221; custom_margin_tablet=&#8221;-280px||-300px||false|false&#8221; custom_margin_phone=&#8221;&#8221; custom_margin_last_edited=&#8221;on|tablet&#8221; custom_padding=&#8221;|0px|63px|||&#8221; animation_style=&#8221;fade&#8221; animation_direction=&#8221;bottom&#8221; animation_duration=&#8221;1400ms&#8221; animation_delay=&#8221;200ms&#8221; scroll_rotating_enable=&#8221;on&#8221; scroll_rotating=&#8221;60|84|84|100|0\u00b0|30\u00b0|90\u00b0&#8221; hover_enabled=&#8221;0&#8243; module_alignment_tablet=&#8221;left&#8221; module_alignment_phone=&#8221;left&#8221; module_alignment_last_edited=&#8221;on|tablet&#8221; scroll_rotating_tablet=&#8221;65|84|84|100|0\u00b0|15\u00b0|90\u00b0&#8221; scroll_rotating_phone=&#8221;&#8221; scroll_rotating_last_edited=&#8221;on|tablet&#8221; global_colors_info=&#8221;{}&#8221; filter_opacity=&#8221;70%&#8221; sticky_enabled=&#8221;0&#8243;][\/et_pb_image][\/et_pb_column][\/et_pb_row][et_pb_row _builder_version=&#8221;4.18.0&#8243; _module_preset=&#8221;default&#8221; background_color=&#8221;RGBA(255,255,255,0)&#8221; global_colors_info=&#8221;{}&#8221;][et_pb_column type=&#8221;4_4&#8243; _builder_version=&#8221;4.18.0&#8243; _module_preset=&#8221;default&#8221; global_colors_info=&#8221;{}&#8221;][et_pb_menu menu_id=&#8221;64&#8243; dropdown_menu_bg_color=&#8221;#FFFFFF&#8221; dropdown_menu_line_color=&#8221;#FFC13F&#8221; module_class=&#8221;ir-menu-custom&#8221; _builder_version=&#8221;4.18.0&#8243; _module_preset=&#8221;default&#8221; menu_text_color=&#8221;#555758&#8243; background_color=&#8221;RGBA(255,255,255,0)&#8221; global_colors_info=&#8221;{}&#8221;][\/et_pb_menu][\/et_pb_column][\/et_pb_row][\/et_pb_section][et_pb_section fb_built=&#8221;1&#8243; _builder_version=&#8221;4.18.0&#8243; _module_preset=&#8221;default&#8221; global_colors_info=&#8221;{}&#8221;][et_pb_row module_class=&#8221;team-member&#8221; _builder_version=&#8221;4.18.0&#8243; _module_preset=&#8221;default&#8221; global_colors_info=&#8221;{}&#8221;][et_pb_column type=&#8221;4_4&#8243; _builder_version=&#8221;4.18.0&#8243; _module_preset=&#8221;default&#8221; global_colors_info=&#8221;{}&#8221;][et_pb_code _builder_version=&#8221;4.18.0&#8243; _module_preset=&#8221;default&#8221; global_colors_info=&#8221;{}&#8221;]\n        <div class=\"content-row team-container-box\">\n            <div class=\"col\">\n            <div class=\"image-content-wraper\">\n                <div class=\"img-wrap\"><a href=\"javascript:void(0)\"><img decoding=\"async\" src=\"https:\/\/saniona.com\/wp-content\/uploads\/2026\/01\/Thomas-251126-009396.webp\" alt=\"\"><\/a><\/div>\n                <div class=\"details\">\n                    <a href=\"javascript:void(0)\"><h4 class=\"name\">Thomas Feldthus<\/h4><\/a>\n                    <p class=\"post\">Medgrundare och VD<\/p>\n                <\/div>\n            <\/div>\n                <div class=\"col-100 full-biocontent\">\n                    <p><p>Thomas Feldthus (f\u00f6dd 1960) \u00e4r en entrepren\u00f6r med omfattande erfarenhet fr\u00e5n ledande roller inom life science-industrin.<\/p>\n<p>Feldthus \u00e5terv\u00e4nde till Saniona som vd 2022 efter att ha varit vice vd och CFO fr\u00e5n 2012 till 2020. Tidigare var han CFO p\u00e5 Symphogen A\/S, investment associate p\u00e5 Novo A\/S och aff\u00e4rsutvecklingschef p\u00e5 Novo Nordisk A\/S. Han \u00e4r medgrundare av Saniona, Scandion Oncology A\/S, Initiator Pharma A\/S, Symphogen A\/S, Ataxion Inc. och Leukotech ApS.<\/p>\n<p>Feldthus har en M.Sc. i f\u00f6rvaltning och ekonomi fr\u00e5n University of London, \u00e4r medlem av Sloan-programmet p\u00e5 London Business School (LBS), har en examen i f\u00f6retagsekonomi (marknadsf\u00f6ringsledning) fr\u00e5n handelsh\u00f6gskolan i K\u00f6penhamn (CBS) och civilingenj\u00f6rsexamen fr\u00e5n Danmarks tekniska universitet (DTU).<\/p>\n<p>Feldthus innehar 1 661 928 optioner i teckningsoptionsprogrammet 2022\/2028, 1 855 000 optioner i teckningsoptionsprogrammet 2024\/2029 och 500 000 optioner i teckningsoptionsprogrammet 2025\/2029. Feldthus innehar 1 635 000 aktier.<\/p>\n<\/p>\n                    <i class=\"fal fa-times close-icon\"><\/i>\n                <\/div>\n            <\/div>\n        \n            <div class=\"col\">\n            <div class=\"image-content-wraper\">\n                <div class=\"img-wrap\"><a href=\"javascript:void(0)\"><img decoding=\"async\" src=\"https:\/\/saniona.com\/wp-content\/uploads\/2026\/01\/Johnny-Saniona25102200216.webp\" alt=\"\"><\/a><\/div>\n                <div class=\"details\">\n                    <a href=\"javascript:void(0)\"><h4 class=\"name\">Johnny Stilou<\/h4><\/a>\n                    <p class=\"post\">Chief Financial Officer<\/p>\n                <\/div>\n            <\/div>\n                <div class=\"col-100 full-biocontent\">\n                    <p><p>Johnny Stilou (f\u00f6dd 1967)<\/p>\n<p>Johnny Stilou har en MSc i Business Economics &amp; Auditing och har genomg\u00e5tt Executive Management Program vid INSEAD. Johnny Stilou har gedigen meritlista inom corporate finance, kapitalmarknad och finansiell strategi, med mer \u00e4n 25 \u00e5rs erfarenhet av finansiellt ledarskap fr\u00e5n skandinaviska och internationella b\u00f6rsbolag. Hans erfarenhet fr\u00e5n b\u00e5de bioteknikf\u00f6retag i tillv\u00e4xtstadiet och st\u00f6rre internationella f\u00f6retag, inklusive roller som CFO f\u00f6r Nuevolution (f\u00f6rv\u00e4rvat av Amgen Inc.) och Scandion Oncology, samt EVP &amp; CFO f\u00f6r Veloxis Pharmaceuticals, g\u00f6r honom v\u00e4l l\u00e4mpad att st\u00f6dja Sanionas fortsatta utveckling och l\u00e5ngsiktiga finansieringsstrategi.<\/p>\n<p>Stilou innehar 200 000 optioner i teckningsoptionsprogrammet 2025.<\/p>\n<\/p>\n                    <i class=\"fal fa-times close-icon\"><\/i>\n                <\/div>\n            <\/div>\n        \n            <div class=\"col\">\n            <div class=\"image-content-wraper\">\n                <div class=\"img-wrap\"><a href=\"javascript:void(0)\"><img decoding=\"async\" src=\"https:\/\/saniona.com\/wp-content\/uploads\/2026\/01\/Janus-Saniona25102200233.webp\" alt=\"\"><\/a><\/div>\n                <div class=\"details\">\n                    <a href=\"javascript:void(0)\"><h4 class=\"name\">Janus Schreiber Larsen<\/h4><\/a>\n                    <p class=\"post\">Chief Operational Officer<\/p>\n                <\/div>\n            <\/div>\n                <div class=\"col-100 full-biocontent\">\n                    <p><p>Janus Schreiber Larsen (f\u00f6dd 1972) \u00e4r organkemist med \u00f6ver 20 \u00e5rs erfarenhet av l\u00e4kemedelsuppt\u00e4ckt och utveckling av nya l\u00e4kemedelsbehandlingar f\u00f6r funktionsrubbningar i hj\u00e4rnan.<\/p>\n<p>Larsen h\u00f6rde till gruppen som grundade Saniona 2011, d\u00e4r han inledningsvis hade rollen som Director of Medicinal Chemistry and IP. Fr\u00e5n 2015 tog han \u00f6ver rollen som Vice President, Medicinal Chemistry and IP och har sedan 2022 varit Senior Vice President, Preclinical Development and Medicinal Chemistry. Innan grundandet av Saniona var Larsen anst\u00e4lld p\u00e5 NeuroSearch, d\u00e4r han hade flera seniora och ledande positioner inom medicinsk kemi.<\/p>\n<p>Larsen \u00e4r utbildad kemist och har en doktorsexamen i organkemi fr\u00e5n S\u00f6dra Danmarks universitet. Han \u00e4r f\u00f6rfattare till 9 fackgranskade vetenskapliga artiklar och har del i fler \u00e4n 35 patent.<\/p>\n<p>Larsen innehar 99 400 optioner i teckningsoptionsprogrammet 2020, 150 000 optioner i teckningsoptionsprogrammet 2023, 200 000 optioner i teckningsoptionsprogrammet 2024. 200 000 optioner i teckningsoptionsprogrammet 2025 och 284 837 aktier.<\/p>\n<\/p>\n                    <i class=\"fal fa-times close-icon\"><\/i>\n                <\/div>\n            <\/div>\n        \n            <div class=\"col\">\n            <div class=\"image-content-wraper\">\n                <div class=\"img-wrap\"><a href=\"javascript:void(0)\"><img decoding=\"async\" src=\"https:\/\/saniona.com\/wp-content\/uploads\/2026\/01\/Karin-Saniona25102200367.webp\" alt=\"\"><\/a><\/div>\n                <div class=\"details\">\n                    <a href=\"javascript:void(0)\"><h4 class=\"name\">Karin Sandager Nielsen<\/h4><\/a>\n                    <p class=\"post\">Chief Scientific Officer<\/p>\n                <\/div>\n            <\/div>\n                <div class=\"col-100 full-biocontent\">\n                    <p><p>Karin Sandager Nielsen (f\u00f6dd 1970) \u00e4r farmakolog med inriktning p\u00e5 centrala nervsystemet, och har \u00f6ver 20 \u00e5rs erfarenhet av att uppt\u00e4cka och utveckla nya l\u00e4kemedelsbehandlingar f\u00f6r funktionsrubbningar i hj\u00e4rnan.<\/p>\n<p>Sandager Nielsen h\u00f6rde till gruppen som grundade Saniona 2011, d\u00e4r hon inledningsvis hade rollen som Director of Operations and In Vivo Pharmacology. Fr\u00e5n 2015 tog hon \u00f6ver rollen som Vice President, Operations and In Vivo Pharmacology, och har sedan 2022 varit Senior Vice President, In Vivo and and Translational Pharmacology. Innan Sanionas grundande var Sandager Nielsen anst\u00e4lld p\u00e5 NeuroSearch, d\u00e4r hon hade ett flertal ledande och seniora roller inom det centrala nervsystemets farmakologi.<\/p>\n<p>Sandager Nielsen \u00e4r utbildad biolog och har en doktorsexamen i neurofarmakologi fr\u00e5n K\u00f6penhamns universitet. Hon \u00e4r f\u00f6rfattare till \u00f6ver 20 fackgranskade vetenskapliga artiklar och har del i 23 patent.<\/p>\n<p>Sandager Nielsen innehar 99 400 optioner i teckningsoptionsprogrammet 2020, 150 000 optioner i teckningsoptionsprogrammet 2023, 200 000 optioner i\u00a0 teckningsoptionsprogrammet 2024, 200 000 optioner i teckningsoptionsprogrammet 2025 och\u00a0 211 119 aktier.<\/p>\n<\/p>\n                    <i class=\"fal fa-times close-icon\"><\/i>\n                <\/div>\n            <\/div>\n        \n            <div class=\"col\">\n            <div class=\"image-content-wraper\">\n                <div class=\"img-wrap\"><a href=\"javascript:void(0)\"><img decoding=\"async\" src=\"https:\/\/saniona.com\/wp-content\/uploads\/2026\/01\/Pierandrea-Saniona25102200275.webp\" alt=\"\"><\/a><\/div>\n                <div class=\"details\">\n                    <a href=\"javascript:void(0)\"><h4 class=\"name\">Pierandrea Muglia<\/h4><\/a>\n                    <p class=\"post\">Chief Medical Officer<\/p>\n                <\/div>\n            <\/div>\n                <div class=\"col-100 full-biocontent\">\n                    <p><p>Pierandrea Muglia (f\u00f6dd 1966) \u00e4r en l\u00e4kare kliniskt utbildad i barnneurologi och psykiatri med \u00f6ver 20 \u00e5rs erfarenhet av forskning och klinisk utveckling med roller med \u00f6kande ledarskapsansvar inom stora (GSK) och medelstora (UCB) l\u00e4kemedelsbolag, och med lednings- och entrepren\u00f6rsroller inom bioteknik, allt f\u00f6reg\u00e5nget av tio \u00e5rs akademisk forskning inom neurofarmakologi och psykiatri.<\/p>\n<p>Senast tj\u00e4nstgjorde Dr. Muglia som VP och chef f\u00f6r neurologi tidig klinisk utveckling vid UCB, som CMO p\u00e5 Handl Therapeutics och som VD och grundare av GRIN Therapeutics, ett f\u00f6retag i klinisk fas, f\u00f6r vilket han reste det kapital som kr\u00e4vs f\u00f6r att utveckla en liten molekyl f\u00f6r ett genetiskt definierat s\u00e4llsynt epilepsisyndrom.<\/p>\n<p>Under sin tid som akademisk kliniker tj\u00e4nstgjorde Dr. Muglia vid Child Psychiatry Services vid institutionen f\u00f6r Public Health, San Francisco (1996). Han var d\u00e4refter postdoktor MRC-Canada Fellow och senare bitr\u00e4dande professor vid Institutionen f\u00f6r psykiatri, University of Toronto (1998-2002).<\/p>\n<p>Dr. Muglia har publicerat \u00f6ver 100 publikationer inom neuropsykofarmakologi, l\u00e4kemedelsutveckling och humangenetik i tidskrifter med h\u00f6g genomslagskraft. Han \u00e4r aktivt involverad i s\u00f6kandet efter nya terapeutiska l\u00f6sningar f\u00f6r utvecklingsneuropsykiatriska st\u00f6rningar, och ing\u00e5r ocks\u00e5 i vetenskapliga advisory bords och kommitt\u00e9er f\u00f6r offentliga biotek initiativ och patientf\u00f6reningar.<\/p>\n<p>\u00d6vriga nuvarande befattningar: VD f\u00f6r Ichnos srl.<\/p>\n<p>Muglia innehar 400 000 optioner i teckningsoptionsprogrammet 2025 och 206 666 aktier.<\/p>\n<\/p>\n                    <i class=\"fal fa-times close-icon\"><\/i>\n                <\/div>\n            <\/div>\n        <\/div>\n    [\/et_pb_code][\/et_pb_column][\/et_pb_row][\/et_pb_section]<\/p>\n","protected":false},"excerpt":{"rendered":"<p>[et_pb_section fb_built=&#8221;1&#8243; fullwidth=&#8221;on&#8221; disabled_on=&#8221;on|on|on&#8221; _builder_version=&#8221;4.16&#8243; _module_preset=&#8221;default&#8221; disabled=&#8221;on&#8221; global_colors_info=&#8221;{}&#8221;][\/et_pb_section][et_pb_section fb_built=&#8221;1&#8243; fullwidth=&#8221;on&#8221; _builder_version=&#8221;4.16&#8243; _module_preset=&#8221;default&#8221; z_index=&#8221;1&#8243; height=&#8221;56vh&#8221; height_tablet=&#8221;45vh&#8221; height_phone=&#8221;70vh&#8221; height_last_edited=&#8221;on|phone&#8221; global_colors_info=&#8221;{}&#8221;][et_pb_fullwidth_slider show_arrows=&#8221;off&#8221; use_bg_overlay=&#8221;off&#8221; admin_label=&#8221;Slider 03&#8243; module_class=&#8221;home-slider-section single-pagebanner&#8221; _builder_version=&#8221;4.18.0&#8243; _module_preset=&#8221;default&#8221; min_height=&#8221;56vh&#8221; min_height_tablet=&#8221;45vh&#8221; min_height_phone=&#8221;70vh&#8221; min_height_last_edited=&#8221;on|phone&#8221; custom_padding=&#8221;50px||||false|false&#8221; animation_style=&#8221;fade&#8221; custom_css_slide_description=&#8221;animation-name: none;&#8221; global_colors_info=&#8221;{}&#8221;][et_pb_slide use_bg_overlay=&#8221;off&#8221; use_text_overlay=&#8221;off&#8221; admin_title=&#8221;Slider 01&#8243; _builder_version=&#8221;4.18.0&#8243; _module_preset=&#8221;default&#8221; header_level=&#8221;h6&#8243; header_font=&#8221;Nunito Sans|600|on||||||&#8221; header_text_color=&#8221;#ffffff&#8221; header_font_size=&#8221;16px&#8221; header_line_height=&#8221;1.1em&#8221; body_font=&#8221;DM Serif Display||||||||&#8221; body_text_color=&#8221;#ffffff&#8221; body_font_size=&#8221;50px&#8221; body_line_height=&#8221;1.3em&#8221; background_color=&#8221;#555758&#8243; background_enable_color=&#8221;off&#8221; [&hellip;]<\/p>\n","protected":false},"author":8,"featured_media":4421,"parent":6041,"menu_order":0,"comment_status":"closed","ping_status":"closed","template":"","meta":{"_acf_changed":false,"_et_pb_use_builder":"on","_et_pb_old_content":"","_et_gb_content_width":"","footnotes":""},"class_list":["post-6225","page","type-page","status-publish","has-post-thumbnail","hentry"],"acf":[],"aioseo_notices":[],"_links":{"self":[{"href":"https:\/\/saniona.com\/sv\/wp-json\/wp\/v2\/pages\/6225","targetHints":{"allow":["GET"]}}],"collection":[{"href":"https:\/\/saniona.com\/sv\/wp-json\/wp\/v2\/pages"}],"about":[{"href":"https:\/\/saniona.com\/sv\/wp-json\/wp\/v2\/types\/page"}],"author":[{"embeddable":true,"href":"https:\/\/saniona.com\/sv\/wp-json\/wp\/v2\/users\/8"}],"replies":[{"embeddable":true,"href":"https:\/\/saniona.com\/sv\/wp-json\/wp\/v2\/comments?post=6225"}],"version-history":[{"count":0,"href":"https:\/\/saniona.com\/sv\/wp-json\/wp\/v2\/pages\/6225\/revisions"}],"up":[{"embeddable":true,"href":"https:\/\/saniona.com\/sv\/wp-json\/wp\/v2\/pages\/6041"}],"wp:featuredmedia":[{"embeddable":true,"href":"https:\/\/saniona.com\/sv\/wp-json\/wp\/v2\/media\/4421"}],"wp:attachment":[{"href":"https:\/\/saniona.com\/sv\/wp-json\/wp\/v2\/media?parent=6225"}],"curies":[{"name":"wp","href":"https:\/\/api.w.org\/{rel}","templated":true}]}}