{"id":3798,"date":"2021-03-24T20:28:26","date_gmt":"2021-03-24T20:28:26","guid":{"rendered":"http:\/\/saniona.com.linux18.curanetserver.dk\/working-with-us\/"},"modified":"2025-12-04T12:56:54","modified_gmt":"2025-12-04T11:56:54","slug":"arbetar-med-oss","status":"publish","type":"page","link":"https:\/\/saniona.com\/sv\/jobba-hos-oss\/arbetar-med-oss\/","title":{"rendered":"Arbetar med Oss"},"content":{"rendered":"<p>[et_pb_section fb_built=&#8221;1&#8243; fullwidth=&#8221;on&#8221; disabled_on=&#8221;on|on|on&#8221; _builder_version=&#8221;4.16&#8243; _module_preset=&#8221;default&#8221; disabled=&#8221;on&#8221; global_colors_info=&#8221;{}&#8221;][\/et_pb_section][et_pb_section fb_built=&#8221;1&#8243; fullwidth=&#8221;on&#8221; _builder_version=&#8221;4.16&#8243; _module_preset=&#8221;default&#8221; z_index=&#8221;1&#8243; height=&#8221;56vh&#8221; height_tablet=&#8221;45vh&#8221; height_phone=&#8221;70vh&#8221; height_last_edited=&#8221;on|phone&#8221; global_colors_info=&#8221;{}&#8221;][et_pb_fullwidth_slider show_arrows=&#8221;off&#8221; use_bg_overlay=&#8221;off&#8221; admin_label=&#8221;Slider 03&#8243; module_class=&#8221;home-slider-section single-pagebanner&#8221; _builder_version=&#8221;4.16&#8243; _module_preset=&#8221;default&#8221; min_height=&#8221;56vh&#8221; min_height_tablet=&#8221;45vh&#8221; min_height_phone=&#8221;70vh&#8221; min_height_last_edited=&#8221;on|phone&#8221; animation_style=&#8221;fade&#8221; custom_css_slide_description=&#8221;animation-name: none;&#8221; global_colors_info=&#8221;{}&#8221;][et_pb_slide use_bg_overlay=&#8221;off&#8221; use_text_overlay=&#8221;off&#8221; admin_title=&#8221;Slider 01&#8243; _builder_version=&#8221;4.16&#8243; _module_preset=&#8221;default&#8221; header_level=&#8221;h6&#8243; header_font=&#8221;Nunito Sans|600|on||||||&#8221; header_text_color=&#8221;#ffffff&#8221; header_font_size=&#8221;16px&#8221; header_line_height=&#8221;1.1em&#8221; body_font=&#8221;DM Serif Display||||||||&#8221; body_text_color=&#8221;#ffffff&#8221; body_font_size=&#8221;50px&#8221; body_line_height=&#8221;1.3em&#8221; background_color=&#8221;#555758&#8243; background_enable_color=&#8221;on&#8221; background_image=&#8221;https:\/\/saniona.com\/wp-content\/uploads\/2021\/04\/Saniona_Banner_JoinUs_WorkingwithUs.jpg&#8221; background_enable_image=&#8221;on&#8221; parallax=&#8221;on&#8221; button_alignment=&#8221;left&#8221; width=&#8221;92%&#8221; custom_padding=&#8221;180px||||false|false&#8221; custom_padding_tablet=&#8221;140px||||false|false&#8221; custom_padding_phone=&#8221;40px||||false|false&#8221; custom_padding_last_edited=&#8221;on|phone&#8221; header_text_color_tablet=&#8221;&#8221; header_text_color_phone=&#8221;#555758&#8243; header_text_color_last_edited=&#8221;on|phone&#8221; body_font_size_tablet=&#8221;46px&#8221; body_font_size_phone=&#8221;40px&#8221; body_font_size_last_edited=&#8221;on|tablet&#8221; body_line_height_tablet=&#8221;54px&#8221; body_line_height_phone=&#8221;50px&#8221; body_line_height_last_edited=&#8221;on|tablet&#8221; background_last_edited=&#8221;on|phone&#8221; background_image_tablet=&#8221;https:\/\/saniona.com\/wp-content\/uploads\/2021\/02\/Saniona_lab_4_banner.jpg&#8221; background_enable_image_tablet=&#8221;on&#8221; parallax_tablet=&#8221;off&#8221; parallax_phone=&#8221;off&#8221; background_position_tablet=&#8221;top_center&#8221; background_position_phone=&#8221;top_left&#8221; global_colors_info=&#8221;{}&#8221; title_text_tablet=&#8221;Saniona_lab_4_banner&#8221; sticky_transition=&#8221;on&#8221;]<\/p>\n<div class=\"secondary-banner-content\">\n<h6><a href=\"https:\/\/saniona.com\/sv\/jobba-hos-oss\/\">JOBBA HOS OSS<\/a><\/h6>\n<p>Att Arbeta p\u00e5 Saniona<\/p>\n<\/div>\n<p>[\/et_pb_slide][\/et_pb_fullwidth_slider][\/et_pb_section][et_pb_section fb_built=&#8221;1&#8243; custom_padding_last_edited=&#8221;on|tablet&#8221; module_class=&#8221;flower-section&#8221; _builder_version=&#8221;4.16&#8243; _module_preset=&#8221;default&#8221; background_color=&#8221;rgba(0,0,0,0)&#8221; custom_margin=&#8221;||||false|false&#8221; custom_padding=&#8221;14px||16px||false|false&#8221; custom_padding_tablet=&#8221;&#8221; custom_padding_phone=&#8221;&#8221; box_shadow_style=&#8221;preset3&#8243; box_shadow_vertical=&#8221;-12px&#8221; box_shadow_spread=&#8221;-12px&#8221; global_colors_info=&#8221;{}&#8221;][et_pb_row _builder_version=&#8221;4.16&#8243; _module_preset=&#8221;default&#8221; custom_padding=&#8221;||5px|||&#8221; global_colors_info=&#8221;{}&#8221;][et_pb_column type=&#8221;4_4&#8243; _builder_version=&#8221;4.16&#8243; _module_preset=&#8221;default&#8221; global_colors_info=&#8221;{}&#8221;][et_pb_image src=&#8221;https:\/\/saniona.com\/wp-content\/uploads\/2021\/01\/Saniona_icon_lg_ltblue_new.png&#8221; alt=&#8221;Saniona Icon blue&#8221; title_text=&#8221;Saniona_icon_lg_ltblue_new&#8221; align_tablet=&#8221;&#8221; align_phone=&#8221;&#8221; align_last_edited=&#8221;on|phone&#8221; disabled_on=&#8221;on|off|off&#8221; _builder_version=&#8221;4.16&#8243; _module_preset=&#8221;default&#8221; z_index=&#8221;-1&#8243; width=&#8221;66%&#8221; width_tablet=&#8221;72%&#8221; width_phone=&#8221;&#8221; width_last_edited=&#8221;on|tablet&#8221; custom_margin=&#8221;-350px||-300px||false|false&#8221; custom_margin_tablet=&#8221;-280px||-300px||false|false&#8221; custom_margin_phone=&#8221;&#8221; custom_margin_last_edited=&#8221;on|tablet&#8221; animation_style=&#8221;fade&#8221; animation_direction=&#8221;bottom&#8221; animation_duration=&#8221;1400ms&#8221; animation_delay=&#8221;200ms&#8221; scroll_rotating_enable=&#8221;on&#8221; scroll_rotating=&#8221;60|84|84|100|0\u00b0|30\u00b0|90\u00b0&#8221; module_alignment_tablet=&#8221;left&#8221; module_alignment_phone=&#8221;left&#8221; module_alignment_last_edited=&#8221;on|tablet&#8221; scroll_rotating_tablet=&#8221;65|84|84|100|0\u00b0|15\u00b0|90\u00b0&#8221; scroll_rotating_phone=&#8221;&#8221; scroll_rotating_last_edited=&#8221;on|tablet&#8221; global_colors_info=&#8221;{}&#8221;][\/et_pb_image][\/et_pb_column][\/et_pb_row][et_pb_row column_structure=&#8221;1_3,2_3&#8243; _builder_version=&#8221;4.16&#8243; _module_preset=&#8221;default&#8221; global_colors_info=&#8221;{}&#8221;][et_pb_column type=&#8221;1_3&#8243; _builder_version=&#8221;4.16&#8243; _module_preset=&#8221;default&#8221; global_colors_info=&#8221;{}&#8221;][et_pb_text _builder_version=&#8221;4.16&#8243; _module_preset=&#8221;default&#8221; header_text_color=&#8221;#1d7ecd&#8221; header_font_size=&#8221;48px&#8221; header_line_height=&#8221;1.2em&#8221; custom_margin=&#8221;||0px|||&#8221; custom_margin_tablet=&#8221;&#8221; custom_margin_phone=&#8221;&#8221; custom_margin_last_edited=&#8221;on|phone&#8221; custom_padding_tablet=&#8221;&#8221; custom_padding_phone=&#8221;20px||||false|false&#8221; custom_padding_last_edited=&#8221;on|phone&#8221; header_font_size_tablet=&#8221;38px&#8221; header_font_size_phone=&#8221;32px&#8221; header_font_size_last_edited=&#8221;on|desktop&#8221; global_colors_info=&#8221;{}&#8221;]<\/p>\n<h1>Hur \u00e4r det att arbeta p\u00e5 Saniona?<\/h1>\n<p>[\/et_pb_text][\/et_pb_column][et_pb_column type=&#8221;2_3&#8243; _builder_version=&#8221;4.16&#8243; _module_preset=&#8221;default&#8221; global_colors_info=&#8221;{}&#8221;][et_pb_text _builder_version=&#8221;4.16&#8243; _module_preset=&#8221;default&#8221; text_font_size=&#8221;20px&#8221; text_line_height=&#8221;1.5em&#8221; custom_margin=&#8221;14px|||||&#8221; custom_margin_tablet=&#8221;&#8221; custom_margin_phone=&#8221;0px||||false|false&#8221; custom_margin_last_edited=&#8221;on|phone&#8221; text_font_size_tablet=&#8221;&#8221; text_font_size_phone=&#8221;18px&#8221; text_font_size_last_edited=&#8221;on|phone&#8221; global_colors_info=&#8221;{}&#8221;]<\/p>\n<p>Vi drivs av v\u00e5ra grundl\u00e4ggande v\u00e4rderingar. F\u00f6r oss har grundl\u00e4ggande v\u00e4rderingar en djupare betydelse \u00e4n bara n\u00e5got som st\u00e5r p\u00e5 en webbplats eller p\u00e5 v\u00e4ggen i konferensrummet. Det \u00e4r vad vi lever och andas varje dag. Det \u00e4r drivkraften bakom v\u00e5ra beslut, principer och f\u00f6rh\u00e5llningss\u00e4tt. H\u00e4r \u00e4r n\u00e5gra exempel p\u00e5 vad det inneb\u00e4r:<\/p>\n<p>[\/et_pb_text][\/et_pb_column][\/et_pb_row][\/et_pb_section][et_pb_section fb_built=&#8221;1&#8243; _builder_version=&#8221;4.16&#8243; _module_preset=&#8221;default&#8221; background_color=&#8221;rgba(0,0,0,0)&#8221; z_index=&#8221;60&#8243; custom_padding=&#8221;16px||0px||false|false&#8221; saved_tabs=&#8221;all&#8221; global_colors_info=&#8221;{}&#8221;][et_pb_row column_structure=&#8221;1_3,2_3&#8243; use_custom_gutter=&#8221;on&#8221; custom_padding_last_edited=&#8221;on|phone&#8221; _builder_version=&#8221;4.16&#8243; _module_preset=&#8221;default&#8221; custom_padding=&#8221;34px||50px||false|false&#8221; custom_padding_tablet=&#8221;&#8221; custom_padding_phone=&#8221;||80px||false|false&#8221; scroll_vertical_motion=&#8221;0|50|50|100|4|1|0&#8243; scroll_fade_enable=&#8221;on&#8221; scroll_fade=&#8221;0|31|31|100|0|100|100&#8243; motion_trigger_start=&#8221;top&#8221; border_width_top=&#8221;1px&#8221; border_color_top=&#8221;#ffc13f&#8221; locked=&#8221;off&#8221; global_colors_info=&#8221;{}&#8221;][et_pb_column type=&#8221;1_3&#8243; _builder_version=&#8221;4.16&#8243; _module_preset=&#8221;default&#8221; global_colors_info=&#8221;{}&#8221;][et_pb_image src=&#8221;https:\/\/saniona.com\/wp-content\/uploads\/2021\/03\/Saniona_CoreValues_PeopleFirst.png&#8221; alt=&#8221;Boehringer Ingelheim logo&#8221; title_text=&#8221;Saniona_CoreValues_PeopleFirst&#8221; align=&#8221;center&#8221; _builder_version=&#8221;4.16&#8243; _module_preset=&#8221;default&#8221; width=&#8221;70%&#8221; width_tablet=&#8221;40%&#8221; width_phone=&#8221;60%&#8221; width_last_edited=&#8221;on|phone&#8221; module_alignment=&#8221;center&#8221; custom_margin=&#8221;4px||41px|||&#8221; custom_margin_tablet=&#8221;&#8221; custom_margin_phone=&#8221;||0px||false|false&#8221; custom_margin_last_edited=&#8221;on|phone&#8221; global_colors_info=&#8221;{}&#8221;][\/et_pb_image][\/et_pb_column][et_pb_column type=&#8221;2_3&#8243; _builder_version=&#8221;4.16&#8243; _module_preset=&#8221;default&#8221; global_colors_info=&#8221;{}&#8221;][et_pb_text _builder_version=&#8221;4.16&#8243; _module_preset=&#8221;default&#8221; header_text_color=&#8221;#174d69&#8243; header_font_size=&#8221;44px&#8221; header_line_height=&#8221;1.2em&#8221; width=&#8221;95%&#8221; custom_margin=&#8221;||3px|||&#8221; header_font_size_tablet=&#8221;38px&#8221; header_font_size_phone=&#8221;36px&#8221; header_font_size_last_edited=&#8221;on|phone&#8221; locked=&#8221;off&#8221; global_colors_info=&#8221;{}&#8221;]<\/p>\n<h1 style=\"text-align: left;\">M\u00e4nniskan f\u00f6rst<\/h1>\n<p>[\/et_pb_text][et_pb_text _builder_version=&#8221;4.17.3&#8243; _module_preset=&#8221;default&#8221; text_text_color=&#8221;#1d7ecd&#8221; text_font_size=&#8221;20px&#8221; text_line_height=&#8221;1.5em&#8221; width=&#8221;100%&#8221; width_tablet=&#8221;&#8221; width_phone=&#8221;100%&#8221; width_last_edited=&#8221;on|phone&#8221; custom_margin=&#8221;||21px|||&#8221; global_colors_info=&#8221;{}&#8221;]<\/p>\n<p style=\"text-align: left;\">Bem\u00f6t alla m\u00e4nniskor med v\u00e4nlighet, respekt och p\u00e5 lika villkor. Ge alla m\u00f6jlighet att k\u00e4nna tillh\u00f6righet och leva sitt b\u00e4sta liv.<\/p>\n<p>[\/et_pb_text][et_pb_text _builder_version=&#8221;4.17.3&#8243; _module_preset=&#8221;default&#8221; ul_line_height=&#8221;1.5em&#8221; global_colors_info=&#8221;{}&#8221;]<\/p>\n<ul>\n<li>\n<p>Vi st\u00f6ttar v\u00e5ra anst\u00e4llda med helt\u00e4ckande f\u00f6rm\u00e5ner och innovativa metoder f\u00f6r att f\u00e5 balans mellan arbete och privatliv.<\/p>\n<\/li>\n<li>\n<p>Vi f\u00f6rs\u00f6ker hitta m\u00f6jligheter f\u00f6r alla medarbetare att f\u00e5 kontakt med patientgrupperna.<\/p>\n<\/li>\n<li>\n<p>Vi har ett starkt engagemang f\u00f6r m\u00e5ngfald, inom organisationen och i de samh\u00e4llen vi arbetar och bor i. Vi har st\u00e4llt oss bakom MassBios \u00e5taganden f\u00f6r att skapa en mer r\u00e4ttvis och inkluderande life science-industri.<\/p>\n<\/li>\n<\/ul>\n<p>[\/et_pb_text][\/et_pb_column][\/et_pb_row][et_pb_row column_structure=&#8221;1_3,2_3&#8243; use_custom_gutter=&#8221;on&#8221; custom_padding_last_edited=&#8221;on|phone&#8221; _builder_version=&#8221;4.16&#8243; _module_preset=&#8221;default&#8221; custom_padding=&#8221;34px||50px||false|false&#8221; custom_padding_tablet=&#8221;&#8221; custom_padding_phone=&#8221;||80px||false|false&#8221; scroll_vertical_motion=&#8221;0|50|50|100|4|1|0&#8243; scroll_fade_enable=&#8221;on&#8221; scroll_fade=&#8221;0|31|31|100|0|100|100&#8243; motion_trigger_start=&#8221;top&#8221; border_width_top=&#8221;1px&#8221; border_color_top=&#8221;#ffc13f&#8221; locked=&#8221;off&#8221; global_colors_info=&#8221;{}&#8221;][et_pb_column type=&#8221;1_3&#8243; _builder_version=&#8221;4.16&#8243; _module_preset=&#8221;default&#8221; global_colors_info=&#8221;{}&#8221;][et_pb_image src=&#8221;https:\/\/saniona.com\/wp-content\/uploads\/2021\/03\/Saniona_CoreValues_Innovation.png&#8221; alt=&#8221;Boehringer Ingelheim logo&#8221; title_text=&#8221;Saniona_CoreValues_Innovation&#8221; align=&#8221;center&#8221; _builder_version=&#8221;4.16&#8243; _module_preset=&#8221;default&#8221; width=&#8221;70%&#8221; width_tablet=&#8221;40%&#8221; width_phone=&#8221;60%&#8221; width_last_edited=&#8221;on|phone&#8221; module_alignment=&#8221;center&#8221; custom_margin=&#8221;4px||41px|||&#8221; custom_margin_tablet=&#8221;&#8221; custom_margin_phone=&#8221;4px||0px||false|false&#8221; custom_margin_last_edited=&#8221;on|phone&#8221; global_colors_info=&#8221;{}&#8221;][\/et_pb_image][\/et_pb_column][et_pb_column type=&#8221;2_3&#8243; _builder_version=&#8221;4.16&#8243; _module_preset=&#8221;default&#8221; global_colors_info=&#8221;{}&#8221;][et_pb_text _builder_version=&#8221;4.16&#8243; _module_preset=&#8221;default&#8221; header_text_color=&#8221;#174d69&#8243; header_font_size=&#8221;44px&#8221; header_line_height=&#8221;1.2em&#8221; width=&#8221;95%&#8221; custom_margin=&#8221;||3px|||&#8221; header_font_size_tablet=&#8221;38px&#8221; header_font_size_phone=&#8221;36px&#8221; header_font_size_last_edited=&#8221;on|phone&#8221; locked=&#8221;off&#8221; global_colors_info=&#8221;{}&#8221;]<\/p>\n<h1 style=\"text-align: left;\">Innovation som g\u00f6r skillnad<\/h1>\n<p>[\/et_pb_text][et_pb_text _builder_version=&#8221;4.17.3&#8243; _module_preset=&#8221;default&#8221; text_text_color=&#8221;#1d7ecd&#8221; text_font_size=&#8221;20px&#8221; text_line_height=&#8221;1.5em&#8221; width=&#8221;87%&#8221; width_tablet=&#8221;&#8221; width_phone=&#8221;100%&#8221; width_last_edited=&#8221;on|phone&#8221; custom_margin=&#8221;||21px|||&#8221; global_colors_info=&#8221;{}&#8221;]<\/p>\n<p style=\"text-align: left;\">Agera med mod och flytta gr\u00e4nserna. Ge spelrum till egenmakten. Leverera spetsresultat.<\/p>\n<p>[\/et_pb_text][et_pb_text _builder_version=&#8221;4.17.3&#8243; _module_preset=&#8221;default&#8221; ul_line_height=&#8221;1.5em&#8221; global_colors_info=&#8221;{}&#8221;]<\/p>\n<ul>\n<li>\n<p>I dagsl\u00e4get finns det inga FDA-godk\u00e4nda behandlingar f\u00f6r hypotalamisk fetma eller Prader-Willis syndrom. Det avskr\u00e4cker oss inte fr\u00e5n de indikationerna &#8211; i sj\u00e4lva verket \u00e4r det just det icke tillgodosedda behovet som driver oss att lyckas d\u00e4r andra har misslyckats.<\/p>\n<\/li>\n<li>\n<p>M\u00e5nga av v\u00e5ra jonkanalsmodulatorer \u00e4r <em>first-in-class<\/em>-molekyler som riktar sig mot tidigare outnyttjade m\u00e5l.<\/p>\n<\/li>\n<\/ul>\n<p>[\/et_pb_text][\/et_pb_column][\/et_pb_row][et_pb_row column_structure=&#8221;1_3,2_3&#8243; use_custom_gutter=&#8221;on&#8221; custom_padding_last_edited=&#8221;on|phone&#8221; _builder_version=&#8221;4.16&#8243; _module_preset=&#8221;default&#8221; custom_padding=&#8221;34px||50px||false|false&#8221; custom_padding_tablet=&#8221;&#8221; custom_padding_phone=&#8221;||80px||false|false&#8221; scroll_vertical_motion=&#8221;0|50|50|100|4|1|0&#8243; scroll_fade_enable=&#8221;on&#8221; scroll_fade=&#8221;0|31|31|100|0|100|100&#8243; motion_trigger_start=&#8221;top&#8221; border_width_top=&#8221;1px&#8221; border_color_top=&#8221;#ffc13f&#8221; locked=&#8221;off&#8221; global_colors_info=&#8221;{}&#8221;][et_pb_column type=&#8221;1_3&#8243; _builder_version=&#8221;4.16&#8243; _module_preset=&#8221;default&#8221; global_colors_info=&#8221;{}&#8221;][et_pb_image src=&#8221;https:\/\/saniona.com\/wp-content\/uploads\/2021\/03\/Saniona_CoreValues_PeopleFirst.png&#8221; alt=&#8221;Boehringer Ingelheim logo&#8221; title_text=&#8221;Saniona_CoreValues_PeopleFirst&#8221; align=&#8221;center&#8221; _builder_version=&#8221;4.16&#8243; _module_preset=&#8221;default&#8221; width=&#8221;70%&#8221; width_tablet=&#8221;40%&#8221; width_phone=&#8221;60%&#8221; width_last_edited=&#8221;on|phone&#8221; module_alignment=&#8221;center&#8221; custom_margin=&#8221;4px||41px|||&#8221; custom_margin_tablet=&#8221;&#8221; custom_margin_phone=&#8221;4px||0px||false|false&#8221; custom_margin_last_edited=&#8221;on|phone&#8221; global_colors_info=&#8221;{}&#8221;][\/et_pb_image][\/et_pb_column][et_pb_column type=&#8221;2_3&#8243; _builder_version=&#8221;4.16&#8243; _module_preset=&#8221;default&#8221; global_colors_info=&#8221;{}&#8221;][et_pb_text _builder_version=&#8221;4.16&#8243; _module_preset=&#8221;default&#8221; header_text_color=&#8221;#174d69&#8243; header_font_size=&#8221;44px&#8221; header_line_height=&#8221;1.2em&#8221; width=&#8221;95%&#8221; custom_margin=&#8221;||3px|||&#8221; header_font_size_tablet=&#8221;38px&#8221; header_font_size_phone=&#8221;36px&#8221; header_font_size_last_edited=&#8221;on|phone&#8221; locked=&#8221;off&#8221; global_colors_info=&#8221;{}&#8221;]<\/p>\n<h1 style=\"text-align: left;\">Integritet, alltid<\/h1>\n<p>[\/et_pb_text][et_pb_text _builder_version=&#8221;4.17.3&#8243; _module_preset=&#8221;default&#8221; text_text_color=&#8221;#1d7ecd&#8221; text_font_size=&#8221;20px&#8221; text_line_height=&#8221;1.5em&#8221; width_tablet=&#8221;&#8221; width_phone=&#8221;100%&#8221; width_last_edited=&#8221;on|desktop&#8221; max_width=&#8221;100%&#8221; max_width_tablet=&#8221;&#8221; max_width_phone=&#8221;100%&#8221; max_width_last_edited=&#8221;on|phone&#8221; custom_margin=&#8221;||21px|||&#8221; global_colors_info=&#8221;{}&#8221;]<\/p>\n<p style=\"text-align: left;\">Uppr\u00e4tth\u00e5ll h\u00f6gsta m\u00f6jliga etiska standard i hela verksamheten och tillgodose patienternas behov med skyndsamhet.<\/p>\n<p>[\/et_pb_text][et_pb_text _builder_version=&#8221;4.17.3&#8243; _module_preset=&#8221;default&#8221; ul_line_height=&#8221;1.5em&#8221; global_colors_info=&#8221;{}&#8221;]<\/p>\n<ul>\n<li>Vi tar oss tid att konsultera patienter och v\u00e5rdgivare om uppl\u00e4gget av v\u00e5ra kliniska studier f\u00f6r att se till att de \u00e5terspeglar de ber\u00f6rdas behov.<\/li>\n<li>V\u00e5r ledningsgrupp str\u00e4var efter att etablera en f\u00f6retagskultur som \u00e4r \u00f6ppen och till\u00e5tande f\u00f6r respons, d\u00e4r alla kan komma till tals om de ser n\u00e5gonting som kan f\u00f6rb\u00e4ttras.<\/li>\n<li>Vi g\u00e5r igenom v\u00e5ra data rigor\u00f6st f\u00f6r att s\u00e4kerst\u00e4lla att alla till\u00e4mpliga standarder uppfylls och att vi m\u00f6ter b\u00e4sta praxis i branschen.<\/li>\n<\/ul>\n<p>[\/et_pb_text][\/et_pb_column][\/et_pb_row][\/et_pb_section][et_pb_section fb_built=&#8221;1&#8243; _builder_version=&#8221;4.16&#8243; _module_preset=&#8221;default&#8221; background_color=&#8221;#174d69&#8243; background_image=&#8221;https:\/\/saniona.com\/wp-content\/uploads\/2021\/02\/Saniona_BackgroundPattern_landscape.png&#8221; custom_padding=&#8221;40px||63px|||&#8221; saved_tabs=&#8221;all&#8221; global_colors_info=&#8221;{}&#8221;][et_pb_row _builder_version=&#8221;4.16&#8243; _module_preset=&#8221;default&#8221; custom_padding=&#8221;||4px|||&#8221; border_width_bottom=&#8221;1px&#8221; border_color_bottom=&#8221;#ffc13f&#8221; global_colors_info=&#8221;{}&#8221;][et_pb_column type=&#8221;4_4&#8243; _builder_version=&#8221;4.16&#8243; _module_preset=&#8221;default&#8221; global_colors_info=&#8221;{}&#8221;][et_pb_text _builder_version=&#8221;4.16&#8243; _module_preset=&#8221;default&#8221; header_4_font=&#8221;Nunito Sans|700|||||||&#8221; header_4_text_color=&#8221;#ffc13f&#8221; header_4_font_size=&#8221;26px&#8221; header_4_letter_spacing=&#8221;3px&#8221; min_height=&#8221;36px&#8221; custom_margin=&#8221;||22px|||&#8221; global_colors_info=&#8221;{}&#8221;]<\/p>\n<h4>EMPLOYEE PROFILE<\/h4>\n<p>[\/et_pb_text][\/et_pb_column][\/et_pb_row][et_pb_row column_structure=&#8221;2_5,3_5&#8243; _builder_version=&#8221;4.16&#8243; _module_preset=&#8221;default&#8221; global_colors_info=&#8221;{}&#8221;][et_pb_column type=&#8221;2_5&#8243; _builder_version=&#8221;4.16&#8243; _module_preset=&#8221;default&#8221; global_colors_info=&#8221;{}&#8221;][et_pb_image src=&#8221;https:\/\/saniona.com\/wp-content\/uploads\/2021\/04\/Dipak_portrait_web.jpg&#8221; title_text=&#8221;Dipak_portrait_web&#8221; _builder_version=&#8221;4.16&#8243; _module_preset=&#8221;default&#8221; width_tablet=&#8221;75%&#8221; width_phone=&#8221;100%&#8221; width_last_edited=&#8221;on|phone&#8221; custom_margin=&#8221;43px|||||&#8221; scroll_horizontal_motion_enable=&#8221;on&#8221; scroll_horizontal_motion=&#8221;0|50|50|100|-4|0|0&#8243; global_colors_info=&#8221;{}&#8221;][\/et_pb_image][\/et_pb_column][et_pb_column type=&#8221;3_5&#8243; _builder_version=&#8221;4.16&#8243; _module_preset=&#8221;default&#8221; global_colors_info=&#8221;{}&#8221;][et_pb_blurb title=&#8221;%22Som forskare och vetenskapsman \u00e4r jag stolt \u00f6ver Sanionas avancerade pipeline och projekt inom l\u00e4kemedelsuppt\u00e4ckt. Vi arbetar st\u00e4ndigt med att utveckla v\u00e5ra molekyler, fr\u00e5n uppt\u00e4ckt till utveckling och leverans av l\u00e4kemedel. Att genom nya mediciner f\u00e5 hj\u00e4lpa m\u00e4nniskor som beh\u00f6ver \u00e4r en fantastisk del av mitt jobb!%22  &#8221; _builder_version=&#8221;4.27.4&#8243; _module_preset=&#8221;default&#8221; header_font=&#8221;Nunito Sans||||||||&#8221; header_text_color=&#8221;#ffffff&#8221; header_font_size=&#8221;24px&#8221; header_line_height=&#8221;1.4em&#8221; body_text_color=&#8221;#96c7f0&#8243; body_font_size=&#8221;16px&#8221; body_line_height=&#8221;1.4em&#8221; width=&#8221;75%&#8221; width_tablet=&#8221;&#8221; width_phone=&#8221;100%&#8221; width_last_edited=&#8221;on|phone&#8221; custom_margin=&#8221;44px|||||&#8221; scroll_fade_enable=&#8221;on&#8221; hover_enabled=&#8221;0&#8243; header_font_size_tablet=&#8221;&#8221; header_font_size_phone=&#8221;20px&#8221; header_font_size_last_edited=&#8221;on|phone&#8221; global_colors_info=&#8221;{}&#8221; sticky_enabled=&#8221;0&#8243;]<\/p>\n<p><strong>DIPAK AMRUTKAR<\/strong><br \/><em>Director In Vivo Pharmacology<\/em><\/p>\n<p>[\/et_pb_blurb][\/et_pb_column][\/et_pb_row][\/et_pb_section][et_pb_section fb_built=&#8221;1&#8243; disabled_on=&#8221;off|on|on&#8221; _builder_version=&#8221;4.16&#8243; _module_preset=&#8221;default&#8221; global_colors_info=&#8221;{}&#8221;][\/et_pb_section]<\/p>\n","protected":false},"excerpt":{"rendered":"<p>JOBBA HOS OSS Att Arbeta p\u00e5 Saniona Hur \u00e4r det att arbeta p\u00e5 Saniona?Vi drivs av v\u00e5ra grundl\u00e4ggande v\u00e4rderingar. F\u00f6r oss har grundl\u00e4ggande v\u00e4rderingar en djupare betydelse \u00e4n bara n\u00e5got som st\u00e5r p\u00e5 en webbplats eller p\u00e5 v\u00e4ggen i konferensrummet. Det \u00e4r vad vi lever och andas varje dag. Det \u00e4r drivkraften bakom v\u00e5ra beslut, [&hellip;]<\/p>\n","protected":false},"author":5,"featured_media":4372,"parent":3793,"menu_order":0,"comment_status":"closed","ping_status":"closed","template":"","meta":{"_acf_changed":false,"_et_pb_use_builder":"on","_et_pb_old_content":"","_et_gb_content_width":"","footnotes":""},"class_list":["post-3798","page","type-page","status-publish","has-post-thumbnail","hentry"],"acf":[],"aioseo_notices":[],"_links":{"self":[{"href":"https:\/\/saniona.com\/sv\/wp-json\/wp\/v2\/pages\/3798","targetHints":{"allow":["GET"]}}],"collection":[{"href":"https:\/\/saniona.com\/sv\/wp-json\/wp\/v2\/pages"}],"about":[{"href":"https:\/\/saniona.com\/sv\/wp-json\/wp\/v2\/types\/page"}],"author":[{"embeddable":true,"href":"https:\/\/saniona.com\/sv\/wp-json\/wp\/v2\/users\/5"}],"replies":[{"embeddable":true,"href":"https:\/\/saniona.com\/sv\/wp-json\/wp\/v2\/comments?post=3798"}],"version-history":[{"count":0,"href":"https:\/\/saniona.com\/sv\/wp-json\/wp\/v2\/pages\/3798\/revisions"}],"up":[{"embeddable":true,"href":"https:\/\/saniona.com\/sv\/wp-json\/wp\/v2\/pages\/3793"}],"wp:featuredmedia":[{"embeddable":true,"href":"https:\/\/saniona.com\/sv\/wp-json\/wp\/v2\/media\/4372"}],"wp:attachment":[{"href":"https:\/\/saniona.com\/sv\/wp-json\/wp\/v2\/media?parent=3798"}],"curies":[{"name":"wp","href":"https:\/\/api.w.org\/{rel}","templated":true}]}}