{"id":3689,"date":"2021-03-09T01:46:41","date_gmt":"2021-03-09T01:46:41","guid":{"rendered":"http:\/\/saniona.com.linux18.curanetserver.dk\/pipeline\/"},"modified":"2026-04-24T11:14:26","modified_gmt":"2026-04-24T09:14:26","slug":"var-pipeline","status":"publish","type":"page","link":"https:\/\/saniona.com\/sv\/var-pipeline\/","title":{"rendered":"V\u00e5r Pipeline"},"content":{"rendered":"<p>[et_pb_section fb_built=&#8221;1&#8243; fullwidth=&#8221;on&#8221; disabled_on=&#8221;on|on|on&#8221; _builder_version=&#8221;4.16&#8243; _module_preset=&#8221;default&#8221; disabled=&#8221;on&#8221; global_colors_info=&#8221;{}&#8221;][\/et_pb_section][et_pb_section fb_built=&#8221;1&#8243; fullwidth=&#8221;on&#8221; _builder_version=&#8221;4.16&#8243; _module_preset=&#8221;default&#8221; z_index=&#8221;1&#8243; height=&#8221;56vh&#8221; height_tablet=&#8221;45vh&#8221; height_phone=&#8221;70vh&#8221; height_last_edited=&#8221;on|desktop&#8221; global_colors_info=&#8221;{}&#8221;][et_pb_fullwidth_slider show_arrows=&#8221;off&#8221; use_bg_overlay=&#8221;off&#8221; admin_label=&#8221;Slider 03&#8243; module_class=&#8221;home-slider-section pagebanner-section&#8221; _builder_version=&#8221;4.19.0&#8243; _module_preset=&#8221;default&#8221; min_height=&#8221;56vh&#8221; min_height_tablet=&#8221;45vh&#8221; min_height_phone=&#8221;70vh&#8221; min_height_last_edited=&#8221;on|phone&#8221; animation_style=&#8221;fade&#8221; custom_css_slide_description=&#8221;animation-name: none;&#8221; global_colors_info=&#8221;{}&#8221;][et_pb_slide heading=&#8221;Saniona\u2019s labs in Denmark&#8221; use_bg_overlay=&#8221;off&#8221; use_text_overlay=&#8221;off&#8221; admin_title=&#8221;Slider 01&#8243; _builder_version=&#8221;4.19.0&#8243; _module_preset=&#8221;default&#8221; header_level=&#8221;h6&#8243; header_font=&#8221;Nunito Sans|600|on||||||&#8221; header_text_color=&#8221;#ffffff&#8221; header_font_size=&#8221;16px&#8221; header_line_height=&#8221;1.1em&#8221; body_font=&#8221;DM Serif Display||||||||&#8221; body_text_color=&#8221;#ffc13f&#8221; body_font_size=&#8221;56px&#8221; body_line_height=&#8221;1.3em&#8221; background_color=&#8221;#174d69&#8243; background_enable_color=&#8221;on&#8221; background_enable_image=&#8221;off&#8221; parallax=&#8221;on&#8221; background_video_mp4=&#8221;https:\/\/saniona.com\/wp-content\/uploads\/2021\/03\/Saniona_video_lab_h_sm.mp4&#8243; background_enable_video_mp4=&#8221;on&#8221; background_video_webm=&#8221;https:\/\/saniona.com\/wp-content\/uploads\/2021\/03\/Saniona_video_lab_h_sm.webm&#8221; background_enable_video_webm=&#8221;on&#8221; button_alignment=&#8221;left&#8221; width=&#8221;92%&#8221; custom_padding=&#8221;||||false|false&#8221; header_text_color_tablet=&#8221;&#8221; header_text_color_phone=&#8221;#555758&#8243; header_text_color_last_edited=&#8221;on|phone&#8221; body_font_size_tablet=&#8221;48px&#8221; body_font_size_phone=&#8221;38px&#8221; body_font_size_last_edited=&#8221;on|phone&#8221; body_line_height_tablet=&#8221;36px&#8221; body_line_height_phone=&#8221;44px&#8221; body_line_height_last_edited=&#8221;on|desktop&#8221; global_colors_info=&#8221;{}&#8221; sticky_transition=&#8221;on&#8221;]<\/p>\n<div class=\"banner-content-img\"><a href=\"\/sv\"><img decoding=\"async\" src=\"https:\/\/saniona.com\/wp-content\/uploads\/2021\/03\/Saniona-Logo-WHITE-TEXT-ONLY-RGB.svg\" alt=\"Saniona\" class=\"wp-image-1678 alignnone size-medium\" width=\"undefined\" height=\"undefined\" \/><\/a><\/div>\n<div class=\"secondary-banner-content\">V\u00e5r <br \/>Pipeline<\/div>\n<p>[\/et_pb_slide][\/et_pb_fullwidth_slider][\/et_pb_section][et_pb_section fb_built=&#8221;1&#8243; custom_padding_last_edited=&#8221;on|tablet&#8221; module_class=&#8221;flower-section&#8221; _builder_version=&#8221;4.16&#8243; _module_preset=&#8221;default&#8221; background_color=&#8221;rgba(0,0,0,0)&#8221; custom_margin=&#8221;||||false|false&#8221; custom_padding=&#8221;14px||16px||false|false&#8221; custom_padding_tablet=&#8221;&#8221; custom_padding_phone=&#8221;&#8221; box_shadow_style=&#8221;preset3&#8243; box_shadow_vertical=&#8221;-12px&#8221; box_shadow_spread=&#8221;-12px&#8221; global_colors_info=&#8221;{}&#8221;][et_pb_row _builder_version=&#8221;4.16&#8243; _module_preset=&#8221;default&#8221; custom_padding=&#8221;||5px|||&#8221; global_colors_info=&#8221;{}&#8221;][et_pb_column type=&#8221;4_4&#8243; _builder_version=&#8221;4.16&#8243; _module_preset=&#8221;default&#8221; global_colors_info=&#8221;{}&#8221;][et_pb_image src=&#8221;https:\/\/saniona.com\/wp-content\/uploads\/2021\/01\/Saniona_icon_lg_ltblue_new.png&#8221; alt=&#8221;Saniona Icon blue&#8221; title_text=&#8221;Saniona_icon_lg_ltblue_new&#8221; align_tablet=&#8221;&#8221; align_phone=&#8221;&#8221; align_last_edited=&#8221;on|phone&#8221; disabled_on=&#8221;on|off|off&#8221; _builder_version=&#8221;4.27.6&#8243; _module_preset=&#8221;default&#8221; z_index=&#8221;-1&#8243; width=&#8221;66%&#8221; width_tablet=&#8221;72%&#8221; width_phone=&#8221;&#8221; width_last_edited=&#8221;on|tablet&#8221; custom_margin=&#8221;-350px||-300px||false|false&#8221; custom_margin_tablet=&#8221;-280px||-300px||false|false&#8221; custom_margin_phone=&#8221;&#8221; custom_margin_last_edited=&#8221;on|tablet&#8221; animation_style=&#8221;fade&#8221; animation_direction=&#8221;bottom&#8221; animation_duration=&#8221;1400ms&#8221; animation_delay=&#8221;200ms&#8221; scroll_rotating_enable=&#8221;on&#8221; scroll_rotating=&#8221;60|84|84|100|0\u00b0|30\u00b0|90\u00b0&#8221; module_alignment_tablet=&#8221;left&#8221; module_alignment_phone=&#8221;left&#8221; module_alignment_last_edited=&#8221;on|tablet&#8221; scroll_rotating_tablet=&#8221;65|84|84|100|0\u00b0|15\u00b0|90\u00b0&#8221; scroll_rotating_phone=&#8221;&#8221; scroll_rotating_last_edited=&#8221;on|tablet&#8221; global_colors_info=&#8221;{}&#8221;][\/et_pb_image][\/et_pb_column][\/et_pb_row][\/et_pb_section][et_pb_section fb_built=&#8221;1&#8243; _builder_version=&#8221;4.16&#8243; _module_preset=&#8221;default&#8221; global_colors_info=&#8221;{}&#8221;][et_pb_row _builder_version=&#8221;4.16&#8243; _module_preset=&#8221;default&#8221; global_colors_info=&#8221;{}&#8221;][et_pb_column type=&#8221;4_4&#8243; _builder_version=&#8221;4.16&#8243; _module_preset=&#8221;default&#8221; global_colors_info=&#8221;{}&#8221;][et_pb_text _builder_version=&#8221;4.19.5&#8243; _module_preset=&#8221;default&#8221; header_text_color=&#8221;#1d7ecd&#8221; header_font_size=&#8221;48px&#8221; header_line_height=&#8221;1.2em&#8221; header_font_size_tablet=&#8221;42px&#8221; header_font_size_phone=&#8221;36px&#8221; header_font_size_last_edited=&#8221;on|phone&#8221; global_colors_info=&#8221;{}&#8221;]<\/p>\n<h1>Sanionas Pipeline<\/h1>\n<p>[\/et_pb_text][\/et_pb_column][\/et_pb_row][et_pb_row _builder_version=&#8221;4.27.6&#8243; _module_preset=&#8221;default&#8221; global_colors_info=&#8221;{}&#8221;][et_pb_column type=&#8221;4_4&#8243; _builder_version=&#8221;4.21.0&#8243; _module_preset=&#8221;default&#8221; global_colors_info=&#8221;{}&#8221;][et_pb_image src=&#8221;https:\/\/saniona.com\/wp-content\/uploads\/2026\/04\/Picture1_SWE.png&#8221; title_text=&#8221;Picture1_SWE&#8221; show_in_lightbox=&#8221;on&#8221; _builder_version=&#8221;4.27.6&#8243; _module_preset=&#8221;default&#8221; hover_enabled=&#8221;0&#8243; global_colors_info=&#8221;{}&#8221; sticky_enabled=&#8221;0&#8243;][\/et_pb_image][\/et_pb_column][\/et_pb_row][et_pb_row _builder_version=&#8221;4.27.6&#8243; _module_preset=&#8221;default&#8221; global_colors_info=&#8221;{}&#8221;][et_pb_column type=&#8221;4_4&#8243; _builder_version=&#8221;4.27.6&#8243; _module_preset=&#8221;default&#8221; global_colors_info=&#8221;{}&#8221;][et_pb_image src=&#8221;https:\/\/saniona.com\/wp-content\/uploads\/2026\/04\/Picture2_SWE.png&#8221; title_text=&#8221;Picture2_SWE&#8221; _builder_version=&#8221;4.27.6&#8243; _module_preset=&#8221;default&#8221; hover_enabled=&#8221;0&#8243; global_colors_info=&#8221;{}&#8221; sticky_enabled=&#8221;0&#8243;][\/et_pb_image][\/et_pb_column][\/et_pb_row][\/et_pb_section][et_pb_section fb_built=&#8221;1&#8243; _builder_version=&#8221;4.16&#8243; _module_preset=&#8221;default&#8221; background_color=&#8221;rgba(0,0,0,0)&#8221; z_index=&#8221;8&#8243; width=&#8221;90%&#8221; max_width=&#8221;1080px&#8221; module_alignment=&#8221;center&#8221; custom_margin=&#8221;||||false|false&#8221; global_colors_info=&#8221;{}&#8221;][et_pb_row _builder_version=&#8221;4.16&#8243; _module_preset=&#8221;default&#8221; background_color=&#8221;rgba(29,126,205,0.86)&#8221; width=&#8221;60%&#8221; width_tablet=&#8221;80%&#8221; width_phone=&#8221;100%&#8221; width_last_edited=&#8221;on|phone&#8221; module_alignment=&#8221;left&#8221; custom_margin=&#8221;||||false|false&#8221; custom_padding=&#8221;||||false|false&#8221; scroll_vertical_motion_enable=&#8221;on&#8221; scroll_vertical_motion=&#8221;0|50|50|100|6|1|-1&#8243; scroll_fade_enable=&#8221;on&#8221; scroll_fade=&#8221;0|74|74|100|0|90%|100&#8243; motion_trigger_start=&#8221;top&#8221; scroll_vertical_motion_tablet=&#8221;&#8221; scroll_vertical_motion_phone=&#8221;&#8221; scroll_vertical_motion_last_edited=&#8221;on|phone&#8221; border_radii=&#8221;on|20px|20px|20px|20px&#8221; global_colors_info=&#8221;{}&#8221;][et_pb_column type=&#8221;4_4&#8243; _builder_version=&#8221;4.16&#8243; _module_preset=&#8221;default&#8221; custom_padding=&#8221;20px|40px|40px|40px|false|false&#8221; custom_padding_tablet=&#8221;&#8221; custom_padding_phone=&#8221;&#8221; custom_padding_last_edited=&#8221;on|phone&#8221; global_colors_info=&#8221;{}&#8221;][et_pb_text _builder_version=&#8221;4.19.0&#8243; _module_preset=&#8221;default&#8221; text_text_color=&#8221;#ffffff&#8221; text_font_size=&#8221;20px&#8221; text_line_height=&#8221;1.4em&#8221; header_text_color=&#8221;#ffffff&#8221; header_font_size=&#8221;56px&#8221; background_color=&#8221;rgba(0,0,0,0)&#8221; header_font_size_tablet=&#8221;50px&#8221; header_font_size_phone=&#8221;38px&#8221; header_font_size_last_edited=&#8221;on|phone&#8221; global_colors_info=&#8221;{}&#8221;]<\/p>\n<h1>Vad kr\u00e4vs f\u00f6r att utveckla ett l\u00e4kemedel?<\/h1>\n<p>[\/et_pb_text][et_pb_text _builder_version=&#8221;4.19.0&#8243; _module_preset=&#8221;default&#8221; text_text_color=&#8221;#ffffff&#8221; text_font_size=&#8221;20px&#8221; text_line_height=&#8221;1.6em&#8221; header_text_color=&#8221;#ffffff&#8221; background_color=&#8221;rgba(0,0,0,0)&#8221; text_font_size_tablet=&#8221;&#8221; text_font_size_phone=&#8221;18px&#8221; text_font_size_last_edited=&#8221;on|desktop&#8221; text_line_height_tablet=&#8221;1.5em&#8221; text_line_height_phone=&#8221;1.4em&#8221; text_line_height_last_edited=&#8221;on|desktop&#8221; header_font_size_tablet=&#8221;54px&#8221; header_font_size_phone=&#8221;44px&#8221; header_font_size_last_edited=&#8221;on|desktop&#8221; global_colors_info=&#8221;{}&#8221;]Vad \u00e4r en klinisk studie? Vad inneb\u00e4r den kliniska utvecklingens faser? Och p\u00e5 vilket s\u00e4tt skiljer sig ibland processen f\u00f6r s\u00e4llsynta sjukdomar?[\/et_pb_text][et_pb_button button_url=&#8221;https:\/\/saniona.com\/sv\/var-pipeline\/utvecklingsprocessen\/&#8221; button_text=&#8221;L\u00c4S MER&#8221; _builder_version=&#8221;4.19.0&#8243; _module_preset=&#8221;default&#8221; custom_margin=&#8221;30px||||false|false&#8221; global_colors_info=&#8221;{}&#8221;][\/et_pb_button][\/et_pb_column][\/et_pb_row][\/et_pb_section][et_pb_section fb_built=&#8221;1&#8243; custom_padding_last_edited=&#8221;on|phone&#8221; admin_label=&#8221;Section&#8221; _builder_version=&#8221;4.16&#8243; _module_preset=&#8221;default&#8221; custom_margin=&#8221;||||false|false&#8221; custom_margin_tablet=&#8221;-200px||||false|false&#8221; custom_margin_phone=&#8221;&#8221; custom_margin_last_edited=&#8221;on|phone&#8221; custom_padding=&#8221;5px||40px||false|false&#8221; custom_padding_tablet=&#8221;&#8221; custom_padding_phone=&#8221;||0px||false|false&#8221; global_colors_info=&#8221;{}&#8221;][et_pb_row _builder_version=&#8221;4.16&#8243; _module_preset=&#8221;default&#8221; transform_translate=&#8221;0px|-356px&#8221; width_tablet=&#8221;&#8221; width_phone=&#8221;100%&#8221; width_last_edited=&#8221;on|tablet&#8221; module_alignment=&#8221;right&#8221; custom_margin=&#8221;||||false|false&#8221; custom_padding=&#8221;||||false|false&#8221; custom_css_main_element=&#8221;transform: translateX(0px) translateY(0px);&#8221; global_colors_info=&#8221;{}&#8221;][et_pb_column type=&#8221;4_4&#8243; _builder_version=&#8221;4.16&#8243; _module_preset=&#8221;default&#8221; global_colors_info=&#8221;{}&#8221;][et_pb_slider _builder_version=&#8221;4.16&#8243; _module_preset=&#8221;default&#8221; z_index=&#8221;-5&#8243; width_tablet=&#8221;&#8221; width_phone=&#8221;100%&#8221; width_last_edited=&#8221;on|phone&#8221; min_height=&#8221;40vw&#8221; min_height_tablet=&#8221;680px&#8221; min_height_phone=&#8221;380px&#8221; min_height_last_edited=&#8221;on|phone&#8221; custom_margin=&#8221;-500px||||false|false&#8221; custom_margin_tablet=&#8221;-150px||||false|false&#8221; custom_margin_phone=&#8221;-60px||||false|false&#8221; custom_margin_last_edited=&#8221;on|phone&#8221; auto=&#8221;on&#8221; auto_speed=&#8221;5000&#8243; auto_ignore_hover=&#8221;on&#8221; global_colors_info=&#8221;{}&#8221;][et_pb_slide _builder_version=&#8221;4.16&#8243; _module_preset=&#8221;default&#8221; background_enable_color=&#8221;off&#8221; background_image=&#8221;https:\/\/saniona.com\/wp-content\/uploads\/2021\/02\/Screening_E2A0214.jpg&#8221; background_enable_image=&#8221;on&#8221; global_colors_info=&#8221;{}&#8221; sticky_transition=&#8221;on&#8221;][\/et_pb_slide][\/et_pb_slider][\/et_pb_column][\/et_pb_row][\/et_pb_section]<\/p>\n","protected":false},"excerpt":{"rendered":"<p>V\u00e5r PipelineSanionas PipelineVad kr\u00e4vs f\u00f6r att utveckla ett l\u00e4kemedel?Vad \u00e4r en klinisk studie? Vad inneb\u00e4r den kliniska utvecklingens faser? Och p\u00e5 vilket s\u00e4tt skiljer sig ibland processen f\u00f6r s\u00e4llsynta sjukdomar?<\/p>\n","protected":false},"author":5,"featured_media":4373,"parent":0,"menu_order":0,"comment_status":"closed","ping_status":"closed","template":"","meta":{"_acf_changed":false,"_et_pb_use_builder":"on","_et_pb_old_content":"","_et_gb_content_width":"","footnotes":""},"class_list":["post-3689","page","type-page","status-publish","has-post-thumbnail","hentry"],"acf":[],"aioseo_notices":[],"_links":{"self":[{"href":"https:\/\/saniona.com\/sv\/wp-json\/wp\/v2\/pages\/3689","targetHints":{"allow":["GET"]}}],"collection":[{"href":"https:\/\/saniona.com\/sv\/wp-json\/wp\/v2\/pages"}],"about":[{"href":"https:\/\/saniona.com\/sv\/wp-json\/wp\/v2\/types\/page"}],"author":[{"embeddable":true,"href":"https:\/\/saniona.com\/sv\/wp-json\/wp\/v2\/users\/5"}],"replies":[{"embeddable":true,"href":"https:\/\/saniona.com\/sv\/wp-json\/wp\/v2\/comments?post=3689"}],"version-history":[{"count":0,"href":"https:\/\/saniona.com\/sv\/wp-json\/wp\/v2\/pages\/3689\/revisions"}],"wp:featuredmedia":[{"embeddable":true,"href":"https:\/\/saniona.com\/sv\/wp-json\/wp\/v2\/media\/4373"}],"wp:attachment":[{"href":"https:\/\/saniona.com\/sv\/wp-json\/wp\/v2\/media?parent=3689"}],"curies":[{"name":"wp","href":"https:\/\/api.w.org\/{rel}","templated":true}]}}