{"id":3602,"date":"2021-02-10T21:37:42","date_gmt":"2021-02-10T21:37:42","guid":{"rendered":"http:\/\/saniona.com.linux18.curanetserver.dk\/vision-mission-values\/"},"modified":"2023-12-13T09:16:21","modified_gmt":"2023-12-13T08:16:21","slug":"vision-uppdrag-varderingar","status":"publish","type":"page","link":"https:\/\/saniona.com\/sv\/om-oss\/vision-uppdrag-varderingar\/","title":{"rendered":"Vision, Uppdrag och V\u00e4rderingar"},"content":{"rendered":"<p>[et_pb_section fb_built=&#8221;1&#8243; fullwidth=&#8221;on&#8221; disabled_on=&#8221;on|on|on&#8221; _builder_version=&#8221;4.16&#8243; _module_preset=&#8221;default&#8221; disabled=&#8221;on&#8221; global_colors_info=&#8221;{}&#8221;][\/et_pb_section][et_pb_section fb_built=&#8221;1&#8243; fullwidth=&#8221;on&#8221; _builder_version=&#8221;4.16&#8243; _module_preset=&#8221;default&#8221; z_index=&#8221;1&#8243; height=&#8221;56vh&#8221; height_tablet=&#8221;45vh&#8221; height_phone=&#8221;70vh&#8221; height_last_edited=&#8221;on|phone&#8221; global_colors_info=&#8221;{}&#8221;][et_pb_fullwidth_slider show_arrows=&#8221;off&#8221; use_bg_overlay=&#8221;off&#8221; admin_label=&#8221;Slider 03&#8243; module_class=&#8221;home-slider-section single-pagebanner&#8221; _builder_version=&#8221;4.18.0&#8243; _module_preset=&#8221;default&#8221; min_height=&#8221;56vh&#8221; min_height_tablet=&#8221;45vh&#8221; min_height_phone=&#8221;70vh&#8221; min_height_last_edited=&#8221;on|phone&#8221; animation_style=&#8221;fade&#8221; custom_css_slide_description=&#8221;animation-name: none;&#8221; global_colors_info=&#8221;{}&#8221;][et_pb_slide use_bg_overlay=&#8221;off&#8221; use_text_overlay=&#8221;off&#8221; admin_title=&#8221;Slider 01&#8243; _builder_version=&#8221;4.18.0&#8243; _module_preset=&#8221;default&#8221; header_level=&#8221;h6&#8243; header_font=&#8221;Nunito Sans|600|on||||||&#8221; header_text_color=&#8221;#ffffff&#8221; header_font_size=&#8221;16px&#8221; header_line_height=&#8221;1.1em&#8221; body_font=&#8221;DM Serif Display||||||||&#8221; body_text_color=&#8221;#ffffff&#8221; body_font_size=&#8221;50px&#8221; body_line_height=&#8221;1.3em&#8221; background_color=&#8221;#555758&#8243; background_enable_color=&#8221;off&#8221; background_image=&#8221;https:\/\/saniona.com\/wp-content\/uploads\/2021\/04\/saniona-tele.jpg&#8221; background_enable_image=&#8221;on&#8221; parallax=&#8221;on&#8221; button_alignment=&#8221;left&#8221; width=&#8221;92%&#8221; custom_padding=&#8221;140px||||false|false&#8221; custom_padding_tablet=&#8221;140px||||false|false&#8221; custom_padding_phone=&#8221;40px||||false|false&#8221; custom_padding_last_edited=&#8221;on|phone&#8221; header_text_color_tablet=&#8221;&#8221; header_text_color_phone=&#8221;#555758&#8243; header_text_color_last_edited=&#8221;on|phone&#8221; body_font_size_tablet=&#8221;46px&#8221; body_font_size_phone=&#8221;40px&#8221; body_font_size_last_edited=&#8221;on|phone&#8221; body_line_height_tablet=&#8221;54px&#8221; body_line_height_phone=&#8221;50px&#8221; body_line_height_last_edited=&#8221;on|tablet&#8221; background_last_edited=&#8221;on|tablet&#8221; background_image_tablet=&#8221;https:\/\/saniona.com\/wp-content\/uploads\/2021\/04\/saniona-tele.jpg&#8221; background_enable_image_tablet=&#8221;on&#8221; parallax_tablet=&#8221;off&#8221; background_position_tablet=&#8221;top_left&#8221; global_colors_info=&#8221;{}&#8221; title_text_tablet=&#8221;saniona-tele&#8221; sticky_transition=&#8221;on&#8221;]<\/p>\n<div class=\"secondary-banner-content\">\n<h6><a href=\"https:\/\/saniona.com\/sv\/om-oss\/\">OM OSS<\/a><\/h6>\n<p>Vision, Uppdrag och V\u00e4rderingar<\/p>\n<\/div>\n<p>[\/et_pb_slide][\/et_pb_fullwidth_slider][\/et_pb_section][et_pb_section fb_built=&#8221;1&#8243; custom_padding_last_edited=&#8221;on|tablet&#8221; module_class=&#8221;flower-section&#8221; _builder_version=&#8221;4.16&#8243; _module_preset=&#8221;default&#8221; background_color=&#8221;rgba(0,0,0,0)&#8221; custom_margin=&#8221;||||false|false&#8221; custom_padding=&#8221;14px||16px||false|false&#8221; custom_padding_tablet=&#8221;&#8221; custom_padding_phone=&#8221;&#8221; box_shadow_style=&#8221;preset3&#8243; box_shadow_vertical=&#8221;-12px&#8221; box_shadow_spread=&#8221;-12px&#8221; global_colors_info=&#8221;{}&#8221;][et_pb_row _builder_version=&#8221;4.16&#8243; _module_preset=&#8221;default&#8221; custom_padding=&#8221;||5px|||&#8221; global_colors_info=&#8221;{}&#8221;][et_pb_column type=&#8221;4_4&#8243; _builder_version=&#8221;4.16&#8243; _module_preset=&#8221;default&#8221; global_colors_info=&#8221;{}&#8221;][et_pb_image src=&#8221;https:\/\/saniona.com\/wp-content\/uploads\/2021\/01\/Saniona_icon_lg_ltblue_new.png&#8221; alt=&#8221;Saniona Icon blue&#8221; title_text=&#8221;Saniona_icon_lg_ltblue_new&#8221; align_tablet=&#8221;&#8221; align_phone=&#8221;&#8221; align_last_edited=&#8221;on|phone&#8221; disabled_on=&#8221;on|off|off&#8221; _builder_version=&#8221;4.18.0&#8243; _module_preset=&#8221;default&#8221; z_index=&#8221;-1&#8243; width=&#8221;66%&#8221; width_tablet=&#8221;72%&#8221; width_phone=&#8221;&#8221; width_last_edited=&#8221;on|tablet&#8221; custom_margin=&#8221;-350px||-300px||false|false&#8221; custom_margin_tablet=&#8221;-280px||-300px||false|false&#8221; custom_margin_phone=&#8221;&#8221; custom_margin_last_edited=&#8221;on|tablet&#8221; animation_style=&#8221;fade&#8221; animation_direction=&#8221;bottom&#8221; animation_duration=&#8221;1400ms&#8221; animation_delay=&#8221;200ms&#8221; scroll_rotating_enable=&#8221;on&#8221; scroll_rotating=&#8221;60|84|84|100|0\u00b0|30\u00b0|90\u00b0&#8221; module_alignment_tablet=&#8221;left&#8221; module_alignment_phone=&#8221;left&#8221; module_alignment_last_edited=&#8221;on|tablet&#8221; scroll_rotating_tablet=&#8221;65|84|84|100|0\u00b0|15\u00b0|90\u00b0&#8221; scroll_rotating_phone=&#8221;&#8221; scroll_rotating_last_edited=&#8221;on|tablet&#8221; global_colors_info=&#8221;{}&#8221;][\/et_pb_image][\/et_pb_column][\/et_pb_row][\/et_pb_section][et_pb_section fb_built=&#8221;1&#8243; _builder_version=&#8221;4.16&#8243; _module_preset=&#8221;default&#8221; background_color=&#8221;rgba(0,0,0,0)&#8221; z_index=&#8221;60&#8243; custom_padding=&#8221;1px||0px||false|false&#8221; global_colors_info=&#8221;{}&#8221;][et_pb_row column_structure=&#8221;1_2,1_2&#8243; _builder_version=&#8221;4.16&#8243; _module_preset=&#8221;default&#8221; border_width_bottom=&#8221;2px&#8221; border_color_bottom=&#8221;#ffc13f&#8221; global_colors_info=&#8221;{}&#8221;][et_pb_column type=&#8221;1_2&#8243; _builder_version=&#8221;4.16&#8243; _module_preset=&#8221;default&#8221; custom_padding=&#8221;||||false|false&#8221; custom_padding_tablet=&#8221;||30px||false|false&#8221; custom_padding_phone=&#8221;&#8221; custom_padding_last_edited=&#8221;on|phone&#8221; border_width_right=&#8221;2px&#8221; border_color_right=&#8221;#ffc13f&#8221; border_color_bottom=&#8221;#ffc13f&#8221; border_width_all_tablet=&#8221;&#8221; border_width_all_phone=&#8221;&#8221; border_width_all_last_edited=&#8221;on|tablet&#8221; border_width_right_tablet=&#8221;0px&#8221; border_width_right_phone=&#8221;&#8221; border_width_right_last_edited=&#8221;on|tablet&#8221; border_width_bottom_tablet=&#8221;2px&#8221; border_width_bottom_phone=&#8221;&#8221; border_width_bottom_last_edited=&#8221;on|tablet&#8221; global_colors_info=&#8221;{}&#8221;][et_pb_text _builder_version=&#8221;4.16&#8243; _module_preset=&#8221;default&#8221; header_text_color=&#8221;#1d7ecd&#8221; header_font_size=&#8221;48px&#8221; header_line_height=&#8221;1.2em&#8221; width=&#8221;85%&#8221; min_height=&#8221;50px&#8221; custom_margin=&#8221;||0px|||&#8221; header_font_size_tablet=&#8221;38px&#8221; header_font_size_phone=&#8221;32px&#8221; header_font_size_last_edited=&#8221;on|desktop&#8221; global_colors_info=&#8221;{}&#8221;]<\/p>\n<h1>V\u00e5r Vision<\/h1>\n<p>[\/et_pb_text][et_pb_text _builder_version=&#8221;4.19.0&#8243; _module_preset=&#8221;default&#8221; text_font_size=&#8221;20px&#8221; text_line_height=&#8221;1.6em&#8221; width=&#8221;85%&#8221; width_tablet=&#8221;&#8221; width_phone=&#8221;100%&#8221; width_last_edited=&#8221;on|phone&#8221; custom_margin=&#8221;15px||40px|||&#8221; text_font_size_tablet=&#8221;&#8221; text_font_size_phone=&#8221;&#8221; text_font_size_last_edited=&#8221;on|phone&#8221; global_colors_info=&#8221;{}&#8221;]<\/p>\n<p>Att f\u00f6rb\u00e4ttra livet f\u00f6r patienter v\u00e4rlden \u00f6ver genom vetenskaplig innovation.<\/p>\n<p>[\/et_pb_text][\/et_pb_column][et_pb_column type=&#8221;1_2&#8243; _builder_version=&#8221;4.16&#8243; _module_preset=&#8221;default&#8221; global_colors_info=&#8221;{}&#8221;][et_pb_text _builder_version=&#8221;4.16&#8243; _module_preset=&#8221;default&#8221; header_text_color=&#8221;#1d7ecd&#8221; header_font_size=&#8221;48px&#8221; header_line_height=&#8221;1.2em&#8221; width=&#8221;85%&#8221; custom_margin=&#8221;||0px|||&#8221; header_font_size_tablet=&#8221;38px&#8221; header_font_size_phone=&#8221;32px&#8221; header_font_size_last_edited=&#8221;on|desktop&#8221; global_colors_info=&#8221;{}&#8221;]<\/p>\n<h1>V\u00e5rt Uppdrag<\/h1>\n<p>[\/et_pb_text][et_pb_text _builder_version=&#8221;4.19.0&#8243; _module_preset=&#8221;default&#8221; text_font_size=&#8221;20px&#8221; text_line_height=&#8221;1.6em&#8221; width=&#8221;85%&#8221; width_tablet=&#8221;&#8221; width_phone=&#8221;100%&#8221; width_last_edited=&#8221;on|phone&#8221; custom_margin=&#8221;15px||40px|||&#8221; global_colors_info=&#8221;{}&#8221;]<\/p>\n<p>Vi drar f\u00f6rdel av v\u00e5r expertis inom m\u00e5linriktning mot jonkanaler f\u00f6r att uppt\u00e4cka, utveckla och leverera innovativa behandlingar tillsammans med samarbetspartner.<\/p>\n<p>[\/et_pb_text][\/et_pb_column][\/et_pb_row][\/et_pb_section][et_pb_section fb_built=&#8221;1&#8243; _builder_version=&#8221;4.16&#8243; _module_preset=&#8221;default&#8221; background_color=&#8221;rgba(0,0,0,0)&#8221; z_index=&#8221;60&#8243; custom_padding=&#8221;26px||0px||false|false&#8221; saved_tabs=&#8221;all&#8221; global_colors_info=&#8221;{}&#8221;][et_pb_row _builder_version=&#8221;4.16&#8243; _module_preset=&#8221;default&#8221; custom_padding=&#8221;||3px|||&#8221; locked=&#8221;off&#8221; global_colors_info=&#8221;{}&#8221;][et_pb_column type=&#8221;4_4&#8243; _builder_version=&#8221;4.16&#8243; _module_preset=&#8221;default&#8221; global_colors_info=&#8221;{}&#8221;][et_pb_text _builder_version=&#8221;4.16&#8243; _module_preset=&#8221;default&#8221; header_text_color=&#8221;#1d7ecd&#8221; header_font_size=&#8221;48px&#8221; header_line_height=&#8221;1.2em&#8221; width=&#8221;85%&#8221; min_height=&#8221;50px&#8221; custom_margin=&#8221;||0px|||&#8221; header_font_size_tablet=&#8221;38px&#8221; header_font_size_phone=&#8221;32px&#8221; header_font_size_last_edited=&#8221;on|desktop&#8221; global_colors_info=&#8221;{}&#8221;]<\/p>\n<h1>V\u00e5ra Grundl\u00e4ggande V\u00e4rderingar<\/h1>\n<p>[\/et_pb_text][\/et_pb_column][\/et_pb_row][et_pb_row column_structure=&#8221;1_3,1_3,1_3&#8243; use_custom_gutter=&#8221;on&#8221; custom_padding_last_edited=&#8221;on|phone&#8221; _builder_version=&#8221;4.16&#8243; _module_preset=&#8221;default&#8221; custom_padding=&#8221;1px||120px||false|false&#8221; custom_padding_tablet=&#8221;&#8221; custom_padding_phone=&#8221;||80px||false|false&#8221; scroll_vertical_motion=&#8221;0|50|50|100|4|1|0&#8243; scroll_fade=&#8221;0|31|31|100|0|100|100&#8243; motion_trigger_start=&#8221;top&#8221; locked=&#8221;off&#8221; global_colors_info=&#8221;{}&#8221;][et_pb_column type=&#8221;1_3&#8243; _builder_version=&#8221;4.16&#8243; _module_preset=&#8221;default&#8221; scroll_vertical_motion_enable=&#8221;on&#8221; scroll_vertical_motion=&#8221;0|50|50|100|4|0|0&#8243; motion_trigger_start=&#8221;top&#8221; global_colors_info=&#8221;{}&#8221;][et_pb_image src=&#8221;https:\/\/saniona.com\/wp-content\/uploads\/2021\/03\/Saniona_CoreValues_PeopleFirst.png&#8221; alt=&#8221;Boehringer Ingelheim logo&#8221; title_text=&#8221;Saniona_CoreValues_PeopleFirst&#8221; align=&#8221;center&#8221; _builder_version=&#8221;4.16&#8243; _module_preset=&#8221;default&#8221; width=&#8221;62%&#8221; width_tablet=&#8221;35%&#8221; width_phone=&#8221;60%&#8221; width_last_edited=&#8221;on|phone&#8221; custom_margin=&#8221;30px||41px|||&#8221; global_colors_info=&#8221;{}&#8221;][\/et_pb_image][et_pb_text _builder_version=&#8221;4.16&#8243; _module_preset=&#8221;default&#8221; header_text_color=&#8221;#555758&#8243; header_font_size=&#8221;44px&#8221; header_line_height=&#8221;1.2em&#8221; width=&#8221;90%&#8221; width_tablet=&#8221;&#8221; width_phone=&#8221;&#8221; width_last_edited=&#8221;on|phone&#8221; module_alignment=&#8221;center&#8221; custom_margin=&#8221;||3px|||&#8221; header_font_size_tablet=&#8221;38px&#8221; header_font_size_phone=&#8221;32px&#8221; header_font_size_last_edited=&#8221;on|desktop&#8221; locked=&#8221;off&#8221; global_colors_info=&#8221;{}&#8221;]<\/p>\n<h1 style=\"text-align: center;\">M\u00e4nniskan F\u00f6rst<\/h1>\n<p>[\/et_pb_text][et_pb_text _builder_version=&#8221;4.16&#8243; _module_preset=&#8221;default&#8221; width=&#8221;90%&#8221; module_alignment=&#8221;center&#8221; global_colors_info=&#8221;{}&#8221;]<\/p>\n<p style=\"text-align: center;\">Bem\u00f6t alla m\u00e4nniskor med v\u00e4nlighet, respekt och p\u00e5 lika villkor. Ge st\u00f6d till m\u00e4nniskor p\u00e5 deras resa, och ingjut en k\u00e4nsla av tillh\u00f6righet.<\/p>\n<p>[\/et_pb_text][\/et_pb_column][et_pb_column type=&#8221;1_3&#8243; _builder_version=&#8221;4.16&#8243; _module_preset=&#8221;default&#8221; scroll_vertical_motion_enable=&#8221;on&#8221; scroll_vertical_motion=&#8221;0|50|50|100|4|0|0&#8243; global_colors_info=&#8221;{}&#8221;][et_pb_image src=&#8221;https:\/\/saniona.com\/wp-content\/uploads\/2021\/03\/Saniona_CoreValues_Innovation.png&#8221; alt=&#8221;Boehringer Ingelheim logo&#8221; title_text=&#8221;Saniona_CoreValues_Innovation&#8221; align=&#8221;center&#8221; _builder_version=&#8221;4.16&#8243; _module_preset=&#8221;default&#8221; width=&#8221;62%&#8221; width_tablet=&#8221;35%&#8221; width_phone=&#8221;60%&#8221; width_last_edited=&#8221;on|phone&#8221; custom_margin=&#8221;30px||41px|||&#8221; global_colors_info=&#8221;{}&#8221;][\/et_pb_image][et_pb_text _builder_version=&#8221;4.16&#8243; _module_preset=&#8221;default&#8221; header_text_color=&#8221;#555758&#8243; header_font_size=&#8221;44px&#8221; header_line_height=&#8221;1.2em&#8221; width=&#8221;95%&#8221; module_alignment=&#8221;center&#8221; custom_margin=&#8221;||3px|||&#8221; header_font_size_tablet=&#8221;38px&#8221; header_font_size_phone=&#8221;32px&#8221; header_font_size_last_edited=&#8221;on|desktop&#8221; locked=&#8221;off&#8221; global_colors_info=&#8221;{}&#8221;]<\/p>\n<h1 style=\"text-align: center;\">Innovation som G\u00f6r Skillnad<\/h1>\n<p>[\/et_pb_text][et_pb_text _builder_version=&#8221;4.16&#8243; _module_preset=&#8221;default&#8221; width=&#8221;88%&#8221; module_alignment=&#8221;center&#8221; global_colors_info=&#8221;{}&#8221;]<\/p>\n<p style=\"text-align: center;\">Agera med mod och flytta gr\u00e4nserna. Ge spelrum till egenmakten. Leverera spetsresultat.<\/p>\n<p>[\/et_pb_text][\/et_pb_column][et_pb_column type=&#8221;1_3&#8243; _builder_version=&#8221;4.16&#8243; _module_preset=&#8221;default&#8221; scroll_vertical_motion_enable=&#8221;on&#8221; scroll_vertical_motion=&#8221;0|50|50|100|4|0|0&#8243; motion_trigger_start=&#8221;bottom&#8221; global_colors_info=&#8221;{}&#8221;][et_pb_image src=&#8221;https:\/\/saniona.com\/wp-content\/uploads\/2021\/03\/Saniona_CoreValues_Integrity.png&#8221; alt=&#8221;Boehringer Ingelheim logo&#8221; title_text=&#8221;Saniona_CoreValues_Integrity&#8221; align=&#8221;center&#8221; _builder_version=&#8221;4.16&#8243; _module_preset=&#8221;default&#8221; width=&#8221;62%&#8221; width_tablet=&#8221;35%&#8221; width_phone=&#8221;60%&#8221; width_last_edited=&#8221;on|phone&#8221; custom_margin=&#8221;30px||41px|||&#8221; global_colors_info=&#8221;{}&#8221;][\/et_pb_image][et_pb_text _builder_version=&#8221;4.16&#8243; _module_preset=&#8221;default&#8221; header_text_color=&#8221;#555758&#8243; header_font_size=&#8221;44px&#8221; header_line_height=&#8221;1.2em&#8221; module_alignment=&#8221;center&#8221; custom_margin=&#8221;||3px|||&#8221; header_font_size_tablet=&#8221;38px&#8221; header_font_size_phone=&#8221;32px&#8221; header_font_size_last_edited=&#8221;on|desktop&#8221; locked=&#8221;off&#8221; global_colors_info=&#8221;{}&#8221;]<\/p>\n<h1 style=\"text-align: center;\">Integritet, Alltid<\/h1>\n<p>[\/et_pb_text][et_pb_text _builder_version=&#8221;4.16&#8243; _module_preset=&#8221;default&#8221; module_alignment=&#8221;center&#8221; global_colors_info=&#8221;{}&#8221;]<\/p>\n<p style=\"text-align: center;\">Uppr\u00e4tth\u00e5ll h\u00f6gsta m\u00f6jliga etiska standard i hela verksamheten och tillgodose patienternas behov med skyndsamhet<\/p>\n<p>[\/et_pb_text][\/et_pb_column][\/et_pb_row][\/et_pb_section][et_pb_section fb_built=&#8221;1&#8243; disabled_on=&#8221;on|on|on&#8221; _builder_version=&#8221;4.16&#8243; _module_preset=&#8221;default&#8221; background_color=&#8221;#174d69&#8243; background_image=&#8221;https:\/\/saniona.com\/wp-content\/uploads\/2021\/02\/Saniona_BackgroundPattern_landscape.png&#8221; parallax=&#8221;on&#8221; min_height=&#8221;480px&#8221; custom_padding=&#8221;||40px|||&#8221; disabled=&#8221;on&#8221; global_colors_info=&#8221;{}&#8221;][et_pb_row _builder_version=&#8221;4.16&#8243; _module_preset=&#8221;default&#8221; min_height=&#8221;388px&#8221; custom_margin=&#8221;|auto|2px|auto||&#8221; custom_padding=&#8221;||0px|||&#8221; global_colors_info=&#8221;{}&#8221;][et_pb_column type=&#8221;4_4&#8243; _builder_version=&#8221;4.16&#8243; _module_preset=&#8221;default&#8221; global_colors_info=&#8221;{}&#8221;][et_pb_text _builder_version=&#8221;4.16&#8243; _module_preset=&#8221;default&#8221; text_text_color=&#8221;#ffffff&#8221; text_font_size=&#8221;20px&#8221; text_line_height=&#8221;1.4em&#8221; header_text_color=&#8221;#ffffff&#8221; header_font_size=&#8221;56px&#8221; header_line_height=&#8221;1.2em&#8221; background_color=&#8221;rgba(0,0,0,0)&#8221; width=&#8221;60%&#8221; width_tablet=&#8221;100%&#8221; width_phone=&#8221;&#8221; width_last_edited=&#8221;on|phone&#8221; header_font_size_tablet=&#8221;50px&#8221; header_font_size_phone=&#8221;38px&#8221; header_font_size_last_edited=&#8221;on|phone&#8221; global_colors_info=&#8221;{}&#8221;]<\/p>\n<h1>Vad inneb\u00e4r v\u00e5ra grundl\u00e4ggande v\u00e4rderingar i praktiken?<\/h1>\n<p>[\/et_pb_text][et_pb_text _builder_version=&#8221;4.16&#8243; _module_preset=&#8221;default&#8221; header_4_font=&#8221;Nunito Sans|700|||||||&#8221; header_4_text_color=&#8221;#ffc13f&#8221; header_4_font_size=&#8221;26px&#8221; header_4_letter_spacing=&#8221;3px&#8221; global_colors_info=&#8221;{}&#8221;]<\/p>\n<h4>PATIENTEN SOM SAMARBETSPARTNER<\/h4>\n<p>[\/et_pb_text][et_pb_text _builder_version=&#8221;4.16&#8243; _module_preset=&#8221;default&#8221; text_text_color=&#8221;#ffffff&#8221; text_font_size=&#8221;20px&#8221; text_line_height=&#8221;1.6em&#8221; header_text_color=&#8221;#ffffff&#8221; background_color=&#8221;rgba(0,0,0,0)&#8221; text_font_size_tablet=&#8221;&#8221; text_font_size_phone=&#8221;18px&#8221; text_font_size_last_edited=&#8221;on|desktop&#8221; text_line_height_tablet=&#8221;1.5em&#8221; text_line_height_phone=&#8221;1.4em&#8221; text_line_height_last_edited=&#8221;on|desktop&#8221; header_font_size_tablet=&#8221;54px&#8221; header_font_size_phone=&#8221;44px&#8221; header_font_size_last_edited=&#8221;on|desktop&#8221; global_colors_info=&#8221;{}&#8221;]<\/p>\n<p>V\u00e5r passion att hj\u00e4lpa patienter ligger inprogrammerad i v\u00e5rt DNA. Det \u00e4r d\u00e4rf\u00f6r en av de viktigaste delarna i v\u00e5r verksamhet \u00e4r Sanionas team f\u00f6r patientf\u00f6respr\u00e5kande, vars fr\u00e4msta uppgift \u00e4r att patienterna och dess anh\u00f6rigas r\u00f6ster formar bolaget. F\u00f6r att kunna ge patienter med s\u00e4llsynta sjukdomar v\u00e4rlden \u00f6ver ett b\u00e4ttre liv genom vetenskaplig innovation lyssnar vi p\u00e5 patienter, v\u00e5rdgivare och intresseorganisationer, l\u00e4r oss av deras erfarenheter och samverkar med dem i enlighet med v\u00e5ra grundl\u00e4ggande v\u00e4rderingar.<\/p>\n<p>[\/et_pb_text][\/et_pb_column][\/et_pb_row][et_pb_row column_structure=&#8221;1_2,1_2&#8243; _builder_version=&#8221;4.16&#8243; _module_preset=&#8221;default&#8221; custom_margin=&#8221;||30px||false|false&#8221; locked=&#8221;off&#8221; global_colors_info=&#8221;{}&#8221;][et_pb_column type=&#8221;1_2&#8243; _builder_version=&#8221;4.16&#8243; _module_preset=&#8221;default&#8221; global_colors_info=&#8221;{}&#8221;][et_pb_button button_url=&#8221;https:\/\/saniona.com\/sv\/patienter\/patientforesprakare\/&#8221; button_text=&#8221;L\u00c4S MER&#8221; _builder_version=&#8221;4.16&#8243; _module_preset=&#8221;default&#8221; global_colors_info=&#8221;{}&#8221;][\/et_pb_button][\/et_pb_column][et_pb_column type=&#8221;1_2&#8243; _builder_version=&#8221;4.16&#8243; _module_preset=&#8221;default&#8221; global_colors_info=&#8221;{}&#8221;][\/et_pb_column][\/et_pb_row][\/et_pb_section][et_pb_section fb_built=&#8221;1&#8243; disabled_on=&#8221;off|on|on&#8221; _builder_version=&#8221;4.16&#8243; _module_preset=&#8221;default&#8221; global_colors_info=&#8221;{}&#8221;][\/et_pb_section]<\/p>\n","protected":false},"excerpt":{"rendered":"<p>OM OSS Vision, Uppdrag och V\u00e4rderingar V\u00e5r VisionAtt f\u00f6rb\u00e4ttra livet f\u00f6r patienter v\u00e4rlden \u00f6ver genom vetenskaplig innovation.V\u00e5rt UppdragVi drar f\u00f6rdel av v\u00e5r expertis inom m\u00e5linriktning mot jonkanaler f\u00f6r att uppt\u00e4cka, utveckla och leverera innovativa behandlingar tillsammans med samarbetspartner.V\u00e5ra Grundl\u00e4ggande V\u00e4rderingarM\u00e4nniskan F\u00f6rstBem\u00f6t alla m\u00e4nniskor med v\u00e4nlighet, respekt och p\u00e5 lika villkor. Ge st\u00f6d till m\u00e4nniskor p\u00e5 [&hellip;]<\/p>\n","protected":false},"author":5,"featured_media":4152,"parent":3590,"menu_order":0,"comment_status":"closed","ping_status":"closed","template":"","meta":{"_acf_changed":false,"_et_pb_use_builder":"on","_et_pb_old_content":"","_et_gb_content_width":"","footnotes":""},"class_list":["post-3602","page","type-page","status-publish","has-post-thumbnail","hentry"],"acf":[],"aioseo_notices":[],"_links":{"self":[{"href":"https:\/\/saniona.com\/sv\/wp-json\/wp\/v2\/pages\/3602","targetHints":{"allow":["GET"]}}],"collection":[{"href":"https:\/\/saniona.com\/sv\/wp-json\/wp\/v2\/pages"}],"about":[{"href":"https:\/\/saniona.com\/sv\/wp-json\/wp\/v2\/types\/page"}],"author":[{"embeddable":true,"href":"https:\/\/saniona.com\/sv\/wp-json\/wp\/v2\/users\/5"}],"replies":[{"embeddable":true,"href":"https:\/\/saniona.com\/sv\/wp-json\/wp\/v2\/comments?post=3602"}],"version-history":[{"count":0,"href":"https:\/\/saniona.com\/sv\/wp-json\/wp\/v2\/pages\/3602\/revisions"}],"up":[{"embeddable":true,"href":"https:\/\/saniona.com\/sv\/wp-json\/wp\/v2\/pages\/3590"}],"wp:featuredmedia":[{"embeddable":true,"href":"https:\/\/saniona.com\/sv\/wp-json\/wp\/v2\/media\/4152"}],"wp:attachment":[{"href":"https:\/\/saniona.com\/sv\/wp-json\/wp\/v2\/media?parent=3602"}],"curies":[{"name":"wp","href":"https:\/\/api.w.org\/{rel}","templated":true}]}}