{"id":3590,"date":"2021-02-10T20:22:03","date_gmt":"2021-02-10T20:22:03","guid":{"rendered":"http:\/\/saniona.com.linux18.curanetserver.dk\/about-us\/"},"modified":"2025-05-19T13:14:18","modified_gmt":"2025-05-19T11:14:18","slug":"om-oss","status":"publish","type":"page","link":"https:\/\/saniona.com\/sv\/om-oss\/","title":{"rendered":"Om oss"},"content":{"rendered":"<p>[et_pb_section fb_built=&#8221;1&#8243; fullwidth=&#8221;on&#8221; disabled_on=&#8221;on|on|on&#8221; _builder_version=&#8221;4.16&#8243; _module_preset=&#8221;default&#8221; disabled=&#8221;on&#8221; global_colors_info=&#8221;{}&#8221;][\/et_pb_section][et_pb_section fb_built=&#8221;1&#8243; fullwidth=&#8221;on&#8221; _builder_version=&#8221;4.16&#8243; _module_preset=&#8221;default&#8221; z_index=&#8221;1&#8243; height=&#8221;56vh&#8221; height_tablet=&#8221;45vh&#8221; height_phone=&#8221;70vh&#8221; height_last_edited=&#8221;on|desktop&#8221; global_colors_info=&#8221;{}&#8221;][et_pb_fullwidth_slider show_arrows=&#8221;off&#8221; use_bg_overlay=&#8221;off&#8221; admin_label=&#8221;Slider 03&#8243; module_class=&#8221;home-slider-section pagebanner-section&#8221; _builder_version=&#8221;4.16&#8243; _module_preset=&#8221;default&#8221; min_height=&#8221;56vh&#8221; min_height_tablet=&#8221;45vh&#8221; min_height_phone=&#8221;70vh&#8221; min_height_last_edited=&#8221;on|phone&#8221; animation_style=&#8221;fade&#8221; custom_css_slide_description=&#8221;animation-name: none;&#8221; global_colors_info=&#8221;{}&#8221;][et_pb_slide use_bg_overlay=&#8221;off&#8221; use_text_overlay=&#8221;off&#8221; admin_title=&#8221;Slider 01&#8243; _builder_version=&#8221;4.19.0&#8243; _module_preset=&#8221;default&#8221; header_level=&#8221;h6&#8243; header_font=&#8221;Nunito Sans|600|on||||||&#8221; header_text_color=&#8221;#ffffff&#8221; header_font_size=&#8221;16px&#8221; header_line_height=&#8221;1.1em&#8221; body_font=&#8221;DM Serif Display||||||||&#8221; body_text_color=&#8221;#ffc13f&#8221; body_font_size=&#8221;56px&#8221; body_line_height=&#8221;1.3em&#8221; background_enable_color=&#8221;on&#8221; background_image=&#8221;https:\/\/saniona.com\/wp-content\/uploads\/2021\/04\/Saniona_Banner_AboutUs_use.jpg&#8221; background_enable_image=&#8221;on&#8221; parallax=&#8221;on&#8221; background_enable_video_mp4=&#8221;off&#8221; background_enable_video_webm=&#8221;off&#8221; button_alignment=&#8221;left&#8221; width=&#8221;92%&#8221; custom_padding=&#8221;||||false|false&#8221; header_text_color_tablet=&#8221;&#8221; header_text_color_phone=&#8221;#555758&#8243; header_text_color_last_edited=&#8221;on|phone&#8221; header_font_size_tablet=&#8221;&#8221; header_font_size_phone=&#8221;&#8221; header_font_size_last_edited=&#8221;on|phone&#8221; body_font_size_tablet=&#8221;48px&#8221; body_font_size_phone=&#8221;38px&#8221; body_font_size_last_edited=&#8221;on|phone&#8221; body_line_height_tablet=&#8221;36px&#8221; body_line_height_phone=&#8221;44px&#8221; body_line_height_last_edited=&#8221;on|desktop&#8221; background_last_edited=&#8221;on|phone&#8221; parallax_phone=&#8221;off&#8221; background_position_phone=&#8221;top_left&#8221; global_colors_info=&#8221;{}&#8221; sticky_transition=&#8221;on&#8221;]<\/p>\n<div class=\"banner-content-img\"><a href=\"\/sv\"><img decoding=\"async\" src=\"https:\/\/saniona.com\/wp-content\/uploads\/2021\/03\/Saniona-Logo-WHITE-TEXT-ONLY-RGB.svg\" alt=\"Saniona\" class=\"wp-image-1678 alignnone size-medium\" width=\"undefined\" height=\"undefined\" \/><\/a><\/div>\n<div class=\"secondary-banner-content\">Om oss<\/div>\n<p>[\/et_pb_slide][\/et_pb_fullwidth_slider][\/et_pb_section][et_pb_section fb_built=&#8221;1&#8243; custom_padding_last_edited=&#8221;on|tablet&#8221; module_class=&#8221;flower-section&#8221; _builder_version=&#8221;4.16&#8243; _module_preset=&#8221;default&#8221; background_color=&#8221;rgba(0,0,0,0)&#8221; custom_margin=&#8221;||||false|false&#8221; custom_padding=&#8221;14px||16px||false|false&#8221; custom_padding_tablet=&#8221;&#8221; custom_padding_phone=&#8221;&#8221; box_shadow_style=&#8221;preset3&#8243; box_shadow_vertical=&#8221;-12px&#8221; box_shadow_spread=&#8221;-12px&#8221; global_colors_info=&#8221;{}&#8221;][et_pb_row _builder_version=&#8221;4.16&#8243; _module_preset=&#8221;default&#8221; custom_padding=&#8221;||5px|||&#8221; global_colors_info=&#8221;{}&#8221;][et_pb_column type=&#8221;4_4&#8243; _builder_version=&#8221;4.16&#8243; _module_preset=&#8221;default&#8221; global_colors_info=&#8221;{}&#8221;][et_pb_image src=&#8221;https:\/\/saniona.com\/wp-content\/uploads\/2021\/01\/Saniona_icon_lg_ltblue_new.png&#8221; alt=&#8221;Saniona Icon blue&#8221; title_text=&#8221;Saniona_icon_lg_ltblue_new&#8221; align_tablet=&#8221;&#8221; align_phone=&#8221;&#8221; align_last_edited=&#8221;on|phone&#8221; disabled_on=&#8221;on|off|off&#8221; _builder_version=&#8221;4.16&#8243; _module_preset=&#8221;default&#8221; z_index=&#8221;-1&#8243; width=&#8221;66%&#8221; width_tablet=&#8221;72%&#8221; width_phone=&#8221;&#8221; width_last_edited=&#8221;on|tablet&#8221; custom_margin=&#8221;-350px||-300px||false|false&#8221; custom_margin_tablet=&#8221;-280px||-300px||false|false&#8221; custom_margin_phone=&#8221;&#8221; custom_margin_last_edited=&#8221;on|tablet&#8221; animation_style=&#8221;fade&#8221; animation_direction=&#8221;bottom&#8221; animation_duration=&#8221;1400ms&#8221; animation_delay=&#8221;200ms&#8221; scroll_rotating_enable=&#8221;on&#8221; scroll_rotating=&#8221;60|84|84|100|0\u00b0|30\u00b0|90\u00b0&#8221; module_alignment_tablet=&#8221;left&#8221; module_alignment_phone=&#8221;left&#8221; module_alignment_last_edited=&#8221;on|tablet&#8221; scroll_rotating_tablet=&#8221;65|84|84|100|0\u00b0|15\u00b0|90\u00b0&#8221; scroll_rotating_phone=&#8221;&#8221; scroll_rotating_last_edited=&#8221;on|tablet&#8221; global_colors_info=&#8221;{}&#8221;][\/et_pb_image][\/et_pb_column][\/et_pb_row][\/et_pb_section][et_pb_section fb_built=&#8221;1&#8243; _builder_version=&#8221;4.16&#8243; _module_preset=&#8221;default&#8221; background_color=&#8221;rgba(0,0,0,0)&#8221; z_index=&#8221;60&#8243; custom_padding=&#8221;16px||0px||false|false&#8221; global_colors_info=&#8221;{}&#8221;][et_pb_row column_structure=&#8221;2_5,3_5&#8243; _builder_version=&#8221;4.16&#8243; _module_preset=&#8221;default&#8221; global_colors_info=&#8221;{}&#8221;][et_pb_column type=&#8221;2_5&#8243; _builder_version=&#8221;4.16&#8243; _module_preset=&#8221;default&#8221; global_colors_info=&#8221;{}&#8221;][et_pb_text _builder_version=&#8221;4.16&#8243; _module_preset=&#8221;default&#8221; header_text_color=&#8221;#1d7ecd&#8221; header_font_size=&#8221;48px&#8221; header_line_height=&#8221;1.2em&#8221; header_font_size_tablet=&#8221;42px&#8221; header_font_size_phone=&#8221;32px&#8221; header_font_size_last_edited=&#8221;on|phone&#8221; global_colors_info=&#8221;{}&#8221;]<\/p>\n<h1>Ett b\u00e4ttre liv genom vetenskaplig innovation.<\/h1>\n<p>[\/et_pb_text][\/et_pb_column][et_pb_column type=&#8221;3_5&#8243; _builder_version=&#8221;4.16&#8243; _module_preset=&#8221;default&#8221; custom_padding=&#8221;15px||||false|false&#8221; global_colors_info=&#8221;{}&#8221;][et_pb_text _builder_version=&#8221;4.16&#8243; _module_preset=&#8221;default&#8221; text_font_size=&#8221;20px&#8221; text_line_height=&#8221;1.5em&#8221; width=&#8221;86%&#8221; width_tablet=&#8221;88%&#8221; width_phone=&#8221;100%&#8221; width_last_edited=&#8221;on|phone&#8221; text_font_size_tablet=&#8221;&#8221; text_font_size_phone=&#8221;18px&#8221; text_font_size_last_edited=&#8221;on|phone&#8221; global_colors_info=&#8221;{}&#8221;]<\/p>\n<p><strong>V\u00e5r vision \u00e4r att f\u00f6rb\u00e4ttra livet f\u00f6r patienter med epilepsi v\u00e4rlden \u00f6ver genom vetenskaplig innovation.<\/strong> Vi avancerar flera ytterligare kandidater fr\u00e5n v\u00e5r plattform f\u00f6r l\u00e4kemedelsuppt\u00e4ckt inom jonkanaler.<\/p>\n<p>L\u00e4s mer om v\u00e5r vision, v\u00e5rt uppdrag och v\u00e5ra grundl\u00e4ggande v\u00e4rderingar.<\/p>\n<p>[\/et_pb_text][et_pb_button button_url=&#8221;https:\/\/saniona.com\/sv\/om-oss\/vision-uppdrag-varderingar\/&#8221; button_text=&#8221;L\u00c4S MER &#8221; _builder_version=&#8221;4.16&#8243; _module_preset=&#8221;default&#8221; custom_margin=&#8221;||26px|||&#8221; locked=&#8221;off&#8221; global_colors_info=&#8221;{}&#8221;][\/et_pb_button][\/et_pb_column][\/et_pb_row][et_pb_row column_structure=&#8221;2_5,3_5&#8243; _builder_version=&#8221;4.16&#8243; _module_preset=&#8221;default&#8221; width_tablet=&#8221;&#8221; width_phone=&#8221;&#8221; width_last_edited=&#8221;on|desktop&#8221; custom_padding=&#8221;||70px|||&#8221; global_colors_info=&#8221;{}&#8221;][et_pb_column type=&#8221;2_5&#8243; _builder_version=&#8221;4.16&#8243; _module_preset=&#8221;default&#8221; custom_padding_tablet=&#8221;&#8221; custom_padding_phone=&#8221;&#8221; custom_padding_last_edited=&#8221;on|desktop&#8221; animation_style=&#8221;fade&#8221; animation_delay=&#8221;100ms&#8221; scroll_fade_enable=&#8221;on&#8221; global_colors_info=&#8221;{}&#8221;][et_pb_text _builder_version=&#8221;4.16&#8243; _module_preset=&#8221;default&#8221; width=&#8221;60%&#8221; width_tablet=&#8221;&#8221; width_phone=&#8221;100%&#8221; width_last_edited=&#8221;on|phone&#8221; custom_margin=&#8221;||20px||false|false&#8221; custom_padding=&#8221;||||false|false&#8221; border_radii=&#8221;off||||&#8221; border_width_top=&#8221;2px&#8221; border_color_top=&#8221;#ffc13f&#8221; global_colors_info=&#8221;{}&#8221;][\/et_pb_text][et_pb_text _builder_version=&#8221;4.16&#8243; _module_preset=&#8221;default&#8221; text_font_size=&#8221;20px&#8221; text_line_height=&#8221;1.5em&#8221; custom_margin=&#8221;5px||23px||false|false&#8221; custom_padding=&#8221;0px||||false|false&#8221; text_font_size_tablet=&#8221;&#8221; text_font_size_phone=&#8221;18px&#8221; text_font_size_last_edited=&#8221;on|phone&#8221; border_radii=&#8221;off||||&#8221; border_color_top=&#8221;#ffc13f&#8221; global_colors_info=&#8221;{}&#8221;]<\/p>\n<p>Saniona leds av ett erfaret vetenskapligt och operativt team med dokumenterade resultat inom forskning, utveckling och partnerskap av f\u00f6rstklassiga R&amp;D program.<\/p>\n<p>[\/et_pb_text][\/et_pb_column][et_pb_column type=&#8221;3_5&#8243; _builder_version=&#8221;4.16&#8243; _module_preset=&#8221;default&#8221; global_colors_info=&#8221;{}&#8221;][et_pb_text _builder_version=&#8221;4.16&#8243; _module_preset=&#8221;default&#8221; width=&#8221;60%&#8221; width_tablet=&#8221;&#8221; width_phone=&#8221;100%&#8221; width_last_edited=&#8221;on|phone&#8221; min_height=&#8221;30px&#8221; custom_margin=&#8221;||0px||false|false&#8221; custom_padding=&#8221;||0px||false|false&#8221; border_radii=&#8221;off||||&#8221; border_width_top=&#8221;1px&#8221; border_color_top=&#8221;#cfcfd3&#8243; border_style_top=&#8221;dotted&#8221; global_colors_info=&#8221;{}&#8221;][\/et_pb_text][et_pb_text _builder_version=&#8221;4.27.4&#8243; _module_preset=&#8221;default&#8221; text_font_size=&#8221;20px&#8221; text_line_height=&#8221;1.6em&#8221; custom_margin=&#8221;1px||27px||false|false&#8221; custom_padding=&#8221;0px||||false|false&#8221; custom_padding_tablet=&#8221;&#8221; custom_padding_phone=&#8221;||||false|false&#8221; custom_padding_last_edited=&#8221;on|phone&#8221; hover_enabled=&#8221;0&#8243; border_radii=&#8221;off||||&#8221; border_color_top=&#8221;#ffc13f&#8221; global_colors_info=&#8221;{}&#8221; link_text_color__hover_enabled=&#8221;on|hover&#8221; link_text_color__hover=&#8221;#174d69&#8243; sticky_enabled=&#8221;0&#8243;]<\/p>\n<p><a href=\"https:\/\/saniona.com\/sv\/investerare\/verkstallande-ledning\/\">Ledningsgruppen &gt;<\/a><\/p>\n<p>[\/et_pb_text][et_pb_text _builder_version=&#8221;4.16&#8243; _module_preset=&#8221;default&#8221; width=&#8221;60%&#8221; width_tablet=&#8221;&#8221; width_phone=&#8221;100%&#8221; width_last_edited=&#8221;on|phone&#8221; min_height=&#8221;30px&#8221; custom_margin=&#8221;||0px||false|false&#8221; custom_padding=&#8221;0px||1px||false|false&#8221; border_radii=&#8221;off||||&#8221; border_width_top=&#8221;1px&#8221; border_color_top=&#8221;#cfcfd3&#8243; border_style_top=&#8221;dotted&#8221; global_colors_info=&#8221;{}&#8221;][\/et_pb_text][et_pb_text _builder_version=&#8221;4.27.4&#8243; _module_preset=&#8221;default&#8221; text_font_size=&#8221;20px&#8221; text_line_height=&#8221;1.6em&#8221; custom_margin=&#8221;1px||7px||false|false&#8221; custom_padding=&#8221;0px||||false|false&#8221; hover_enabled=&#8221;0&#8243; border_radii=&#8221;off||||&#8221; border_color_top=&#8221;#ffc13f&#8221; global_colors_info=&#8221;{}&#8221; link_text_color__hover_enabled=&#8221;on|hover&#8221; link_text_color__hover=&#8221;#174d69&#8243; sticky_enabled=&#8221;0&#8243;]<\/p>\n<p><a href=\"https:\/\/saniona.com\/sv\/styrelse\/\">Styrelsen &gt;<\/a><\/p>\n<p>[\/et_pb_text][\/et_pb_column][\/et_pb_row][\/et_pb_section][et_pb_section fb_built=&#8221;1&#8243; _builder_version=&#8221;4.16&#8243; _module_preset=&#8221;default&#8221; background_color=&#8221;#174d69&#8243; background_image=&#8221;https:\/\/saniona.com\/wp-content\/uploads\/2021\/04\/Saniona_Fade_Background_website_taller_lab.jpg&#8221; parallax=&#8221;on&#8221; min_height=&#8221;560px&#8221; min_height_tablet=&#8221;&#8221; min_height_phone=&#8221;&#8221; min_height_last_edited=&#8221;on|phone&#8221; custom_padding=&#8221;90px||3px|||&#8221; global_colors_info=&#8221;{}&#8221;][et_pb_row _builder_version=&#8221;4.16&#8243; _module_preset=&#8221;default&#8221; custom_padding=&#8221;||3px|||&#8221; global_colors_info=&#8221;{}&#8221;][et_pb_column type=&#8221;4_4&#8243; _builder_version=&#8221;4.16&#8243; _module_preset=&#8221;default&#8221; global_colors_info=&#8221;{}&#8221;][et_pb_text _builder_version=&#8221;4.16&#8243; _module_preset=&#8221;default&#8221; text_text_color=&#8221;#1d7ecd&#8221; header_3_text_color=&#8221;#ffffff&#8221; header_3_font_size=&#8221;48px&#8221; header_3_line_height=&#8221;1.2em&#8221; width_tablet=&#8221;&#8221; width_phone=&#8221;100%&#8221; width_last_edited=&#8221;on|tablet&#8221; max_width_tablet=&#8221;&#8221; max_width_phone=&#8221;&#8221; max_width_last_edited=&#8221;on|tablet&#8221; header_3_font_size_tablet=&#8221;&#8221; header_3_font_size_phone=&#8221;44px&#8221; header_3_font_size_last_edited=&#8221;on|phone&#8221; module_alignment_tablet=&#8221;&#8221; module_alignment_phone=&#8221;&#8221; module_alignment_last_edited=&#8221;on|tablet&#8221; global_colors_info=&#8221;{}&#8221;]<\/p>\n<h3>En historia av innovation<\/h3>\n<p>[\/et_pb_text][\/et_pb_column][\/et_pb_row][et_pb_row _builder_version=&#8221;4.16&#8243; _module_preset=&#8221;default&#8221; custom_padding=&#8221;13px||12px|||&#8221; global_colors_info=&#8221;{}&#8221;][et_pb_column type=&#8221;4_4&#8243; _builder_version=&#8221;4.16&#8243; _module_preset=&#8221;default&#8221; global_colors_info=&#8221;{}&#8221;][et_pb_text _builder_version=&#8221;4.16&#8243; _module_preset=&#8221;default&#8221; text_text_color=&#8221;#ffffff&#8221; text_font_size=&#8221;22px&#8221; text_line_height=&#8221;1.5em&#8221; max_width=&#8221;44%&#8221; max_width_tablet=&#8221;80%&#8221; max_width_phone=&#8221;100%&#8221; max_width_last_edited=&#8221;on|phone&#8221; text_font_size_tablet=&#8221;&#8221; text_font_size_phone=&#8221;20px&#8221; text_font_size_last_edited=&#8221;on|phone&#8221; global_colors_info=&#8221;{}&#8221;]<\/p>\n<p>Saniona \u00e4r uppbyggt p\u00e5 en gedigen grund av mer \u00e4n 20 \u00e5rs banbrytande forskning inom jonkanaler<\/p>\n<p>[\/et_pb_text][\/et_pb_column][\/et_pb_row][et_pb_row _builder_version=&#8221;4.16&#8243; _module_preset=&#8221;default&#8221; custom_margin=&#8221;||30px||false|false&#8221; global_colors_info=&#8221;{}&#8221;][et_pb_column type=&#8221;4_4&#8243; _builder_version=&#8221;4.16&#8243; _module_preset=&#8221;default&#8221; global_colors_info=&#8221;{}&#8221;][et_pb_button button_url=&#8221;https:\/\/saniona.com\/sv\/om-oss\/var-historia\/&#8221; button_text=&#8221;L\u00c4S MER &#8221; _builder_version=&#8221;4.16&#8243; _module_preset=&#8221;default&#8221; global_colors_info=&#8221;{}&#8221;][\/et_pb_button][\/et_pb_column][\/et_pb_row][\/et_pb_section][et_pb_section fb_built=&#8221;1&#8243; custom_padding_last_edited=&#8221;on|phone&#8221; _builder_version=&#8221;4.16&#8243; _module_preset=&#8221;default&#8221; background_enable_image=&#8221;off&#8221; background_size=&#8221;contain&#8221; background_position=&#8221;bottom_right&#8221; custom_padding=&#8221;78px||100px||false|false&#8221; custom_padding_tablet=&#8221;&#8221; custom_padding_phone=&#8221;20px||20px||false|false&#8221; box_shadow_style=&#8221;preset1&#8243; box_shadow_vertical=&#8221;-12px&#8221; global_colors_info=&#8221;{}&#8221;][et_pb_row column_structure=&#8221;1_2,1_2&#8243; _builder_version=&#8221;4.16&#8243; _module_preset=&#8221;default&#8221; scroll_vertical_motion_enable=&#8221;on&#8221; scroll_vertical_motion=&#8221;0|50|50|100|4|0|0&#8243; motion_trigger_start=&#8221;top&#8221; global_colors_info=&#8221;{}&#8221;][et_pb_column type=&#8221;1_2&#8243; _builder_version=&#8221;4.16&#8243; _module_preset=&#8221;default&#8221; global_colors_info=&#8221;{}&#8221;][et_pb_text _builder_version=&#8221;4.16&#8243; _module_preset=&#8221;default&#8221; text_text_color=&#8221;#1d7ecd&#8221; header_3_text_color=&#8221;#1d7ecd&#8221; header_3_font_size=&#8221;36px&#8221; header_3_line_height=&#8221;1.4em&#8221; width=&#8221;95%&#8221; custom_margin=&#8221;||-2px|||&#8221; header_3_font_size_tablet=&#8221;&#8221; header_3_font_size_phone=&#8221;26px&#8221; header_3_font_size_last_edited=&#8221;on|phone&#8221; global_colors_info=&#8221;{}&#8221;]<\/p>\n<h3>Saniona besitter den kompetens och bygger upp de f\u00f6rm\u00e5gor som beh\u00f6vs f\u00f6r att f\u00f6r\u00e4dla innovation till l\u00e4kemedel.<\/h3>\n<p>[\/et_pb_text][\/et_pb_column][et_pb_column type=&#8221;1_2&#8243; _builder_version=&#8221;4.16&#8243; _module_preset=&#8221;default&#8221; global_colors_info=&#8221;{}&#8221;][et_pb_text _builder_version=&#8221;4.16&#8243; _module_preset=&#8221;default&#8221; text_font_size=&#8221;20px&#8221; text_line_height=&#8221;1.5em&#8221; custom_margin=&#8221;17px|||||&#8221; text_font_size_tablet=&#8221;&#8221; text_font_size_phone=&#8221;18px&#8221; text_font_size_last_edited=&#8221;on|phone&#8221; global_colors_info=&#8221;{}&#8221;]<\/p>\n<p>Vi \u00e4r \u00f6vertygade om att Saniona har potential att f\u00f6ra ut ett flertal produkter f\u00f6r s\u00e4llsynta sjukdomar till patienter patienter globalt, vilket skapar betydande v\u00e4rde f\u00f6r patienter och aktie\u00e4gare.<\/p>\n<p>[\/et_pb_text][et_pb_button button_url=&#8221;https:\/\/saniona.com\/sv\/om-oss\/strategi\/&#8221; button_text=&#8221;L\u00c4S MER OM V\u00c5R STRATEGI&#8221; _builder_version=&#8221;4.16&#8243; _module_preset=&#8221;default&#8221; custom_button=&#8221;on&#8221; button_text_size_tablet=&#8221;&#8221; button_text_size_phone=&#8221;15px&#8221; button_text_size_last_edited=&#8221;on|phone&#8221; global_colors_info=&#8221;{}&#8221;][\/et_pb_button][\/et_pb_column][\/et_pb_row][\/et_pb_section]<\/p>\n","protected":false},"excerpt":{"rendered":"<p>Om ossEtt b\u00e4ttre liv genom vetenskaplig innovation.V\u00e5r vision \u00e4r att f\u00f6rb\u00e4ttra livet f\u00f6r patienter med epilepsi v\u00e4rlden \u00f6ver genom vetenskaplig innovation. Vi avancerar flera ytterligare kandidater fr\u00e5n v\u00e5r plattform f\u00f6r l\u00e4kemedelsuppt\u00e4ckt inom jonkanaler. L\u00e4s mer om v\u00e5r vision, v\u00e5rt uppdrag och v\u00e5ra grundl\u00e4ggande v\u00e4rderingar.Saniona leds av ett erfaret vetenskapligt och operativt team med dokumenterade resultat [&hellip;]<\/p>\n","protected":false},"author":5,"featured_media":4301,"parent":0,"menu_order":0,"comment_status":"closed","ping_status":"closed","template":"","meta":{"_acf_changed":false,"_et_pb_use_builder":"on","_et_pb_old_content":"","_et_gb_content_width":"","footnotes":""},"class_list":["post-3590","page","type-page","status-publish","has-post-thumbnail","hentry"],"acf":[],"aioseo_notices":[],"_links":{"self":[{"href":"https:\/\/saniona.com\/sv\/wp-json\/wp\/v2\/pages\/3590","targetHints":{"allow":["GET"]}}],"collection":[{"href":"https:\/\/saniona.com\/sv\/wp-json\/wp\/v2\/pages"}],"about":[{"href":"https:\/\/saniona.com\/sv\/wp-json\/wp\/v2\/types\/page"}],"author":[{"embeddable":true,"href":"https:\/\/saniona.com\/sv\/wp-json\/wp\/v2\/users\/5"}],"replies":[{"embeddable":true,"href":"https:\/\/saniona.com\/sv\/wp-json\/wp\/v2\/comments?post=3590"}],"version-history":[{"count":0,"href":"https:\/\/saniona.com\/sv\/wp-json\/wp\/v2\/pages\/3590\/revisions"}],"wp:featuredmedia":[{"embeddable":true,"href":"https:\/\/saniona.com\/sv\/wp-json\/wp\/v2\/media\/4301"}],"wp:attachment":[{"href":"https:\/\/saniona.com\/sv\/wp-json\/wp\/v2\/media?parent=3590"}],"curies":[{"name":"wp","href":"https:\/\/api.w.org\/{rel}","templated":true}]}}